{"id":125,"date":"2020-01-16T17:58:07","date_gmt":"2020-01-16T16:58:07","guid":{"rendered":"https:\/\/www.akuadapter.eu\/?post_type=product&#038;p=125"},"modified":"2022-07-30T08:33:27","modified_gmt":"2022-07-30T06:33:27","slug":"akuadapter-blackdecker-stanley-porter-cable-ryobi-bps18rl","status":"publish","type":"product","link":"https:\/\/www.akuadapter.eu\/de\/produkt\/akuadapter-blackdecker-stanley-porter-cable-ryobi-bps18rl\/","title":{"rendered":"Aku Adapter BLACK DECKER  STANLEY  PORTER CABLE \/ RYOBI"},"content":{"rendered":"<p><span style=\"font-family: arial, helvetica, sans-serif; color: #000000;\">AkuAdapt\u00e9r BPS18RL roz\u0161iruje mo\u017enosti pou\u017eitia akumul\u00e1torov Black&amp;Decker* \u00a0Stanley** a PorterCable*** o pou\u017eitie v 18V akumul\u00e1torovom n\u00e1rad\u00ed o pou\u017eitie v 18V akumul\u00e1torovom n\u00e1rad\u00ed RYOBI ONE+<\/span><\/p>\n<ul>\n<li><span style=\"color: #000000; font-family: arial, helvetica, sans-serif;\">USB port na nab\u00edjanie telef\u00f3nov a in\u00fdch zariaden\u00ed<\/span><\/li>\n<li><strong><span style=\"color: #000000; font-family: arial, helvetica, sans-serif;\">Adapt\u00e9r nie je mo\u017en\u00e9 pou\u017ei\u0165 na nab\u00edjanie akumul\u00e1torov<\/span><\/strong><\/li>\n<\/ul>\n<p><span style=\"color: #000000; font-family: arial, helvetica, sans-serif;\">Rozmery: 110x70x50 mm<\/span><\/p>\n<p><span style=\"color: #000000; font-family: arial, helvetica, sans-serif;\">Hmotnos\u0165:\u00a0\u00a0120 g<\/span><\/p>\n<p><span style=\"color: #000000; font-family: arial, helvetica, sans-serif;\">Cena bez DPH: 20,67\u20ac<\/span><\/p>\n<p>*<span style=\"font-family: arial, helvetica, sans-serif; color: #000000; font-size: 10pt;\">BL1518,\u00a0BL2018,\u00a0BL2518,\u00a0BL4018,\u00a0BL1518ST,\u00a0BL2018ST,\u00a0LBXR20, LB2X4020, LBXR20-OPE, LB20, LBX20, LBX4020, LBXR2020-OPE, LB2X3020-OPE, LBXR20BT<\/span><\/p>\n<p>**<span style=\"font-family: arial, helvetica, sans-serif; color: #000000; font-size: 10pt;\">FMC680L, FMC685L<\/span><\/p>\n<p>***<span style=\"font-family: arial, helvetica, sans-serif; color: #000000; font-size: 10pt;\">PCC680L, PCC685L, PCC682L, PCC681L, PCC600 <\/span><\/p>\n<p>&nbsp;<\/p>\n<p>&nbsp;<\/p>\n","protected":false},"excerpt":{"rendered":"<p><span style=\"color: #000000; font-family: arial, helvetica, sans-serif;\">AkuAdapt\u00e9r BPS18RL umo\u017e\u0148uje pou\u017eitie 18V akumul\u00e1torov Black&amp;Decker Stanley a Porter Cable v 18V akumul\u00e1torovom n\u00e1rad\u00ed RYOBI ONE+<\/span><\/p>\n<p><span style=\"font-family: arial, helvetica, sans-serif;\"><span style=\"color: #000000;\">AkuAdapt\u00e9r BPS18RL je vhodn\u00fd pre n\u00e1radie RYOBI 18V ONE+ a akumul\u00e1tory Black&amp;Decker Stanley a PorterCable<\/span><span style=\"font-size: 10pt; color: #999999;\">:\u00a0 R18AG-0 R18AG7-0 R18B R18DDBL-0 R18DD5-0 R18DDP2-0 \u00a0R18DD2-0 \u00a0R18DD7-0 R18PDBL R18PD2-0 R18PD3-0 R18PD7-0 R18IDBL R18ID3-0 R18IDP-0 RID1801M-0 R18R-0 R18RH-0 R18BS-0 R18MT-0 R18MT3-0 R18PI-0 R18HV-0 R18HVF-0 R18N18G-0 R18N16G-0 R18VI-0 RMT1801M-0 R18CS-0\u00a0 R18CS7-0 R18CSP-0 \u00a0R18I-0 R18PV-0 RWSL1801M-0 RAD1801M-0 R18GLU-0 R18JS-0 R18S18G-0 R18TP-0 R18ST50-0 R18PS-0 CCG1801MHG-0 R18RS-0 R18ROS-0\u00a0 RRS1801M-0 R18RS7-0 LTS180M-0 P620-0 R18SS4-0 R18SW3-0 R18QS-0 EMS190DCL-0 R18SOI-0 R18SDS-0 R18HG-0 R18MS216-0 R18IW3-0 R18PL-0 R18TR-0 R18T-0 R18F-0 R18SPL-0 R18ALU-0 R18ALH-0 R18ALF-0 R18ALW-0 RFL180M-0 R18ALP-0 <\/span><span style=\"font-size: 10pt; color: #999999;\">OBL18JB OHT1855R RHT1855R25F OBL1820H RCS18X3050F RHT1851 R20F RHT1851 R25F OBL1820S OHT1850X OLT1825M RHT1850XLIS RLT1825M13S RLT1825M20S OBV18 RY18BLXA-0 RLT1831H20F RLT1831H25F RLT183225PK OLT1832 RLT183225F OLT1833 OHT1850H RHT1850H25HS RHT184520 OHT1845 OPP1820 RPP182015S OPT1845 OBC1820B RBC18X20B4F OLP1832B OWS1880 OGS1822 OSS1800<\/span><\/span><\/p>\n<p><span style=\"color: #ffffff; font-size: 10pt; font-family: arial, helvetica, sans-serif;\">LBXR20, LB2X4020, LBXR20-OPE, LB20, LBX20, LBX4020, LBXR2020-OPE, LB2X3020-OPE, LBXR20BT FMC680L, FMC685L PCC680L, PCC685L, PCC682L, PCC681L, PCC600<\/span><\/p>\n<p><span style=\"color: #ffffff; font-size: 10pt; font-family: arial, helvetica, sans-serif;\">RB18L15 RB18L20 RB18L25 RB18L30 RB18L40 RB18L50 RB18L90 5133001905 5133002737 5133002337 5133002867 5133001907 5133002433 5133002865\u00a0 <\/span><\/p>\n<p><span style=\"color: #ffffff; font-family: arial, helvetica, sans-serif;\">)<\/span><\/p>\n<p>&nbsp;<\/p>\n","protected":false},"featured_media":130,"template":"","meta":[],"product_cat":[15],"product_tag":[33,64,66,43,65],"class_list":["post-125","product","type-product","status-publish","has-post-thumbnail","hentry","product_cat-prislusenstvo-pre-aku-naradie","product_tag-akuadapter","product_tag-black-decker","product_tag-porter-cable","product_tag-ryobi","product_tag-stanley"],"_links":{"self":[{"href":"https:\/\/www.akuadapter.eu\/de\/wp-json\/wp\/v2\/product\/125","targetHints":{"allow":["GET"]}}],"collection":[{"href":"https:\/\/www.akuadapter.eu\/de\/wp-json\/wp\/v2\/product"}],"about":[{"href":"https:\/\/www.akuadapter.eu\/de\/wp-json\/wp\/v2\/types\/product"}],"wp:featuredmedia":[{"embeddable":true,"href":"https:\/\/www.akuadapter.eu\/de\/wp-json\/wp\/v2\/media\/130"}],"wp:attachment":[{"href":"https:\/\/www.akuadapter.eu\/de\/wp-json\/wp\/v2\/media?parent=125"}],"wp:term":[{"taxonomy":"product_cat","embeddable":true,"href":"https:\/\/www.akuadapter.eu\/de\/wp-json\/wp\/v2\/product_cat?post=125"},{"taxonomy":"product_tag","embeddable":true,"href":"https:\/\/www.akuadapter.eu\/de\/wp-json\/wp\/v2\/product_tag?post=125"}],"curies":[{"name":"wp","href":"https:\/\/api.w.org\/{rel}","templated":true}]}}