{"id":138,"date":"2020-01-16T17:57:31","date_gmt":"2020-01-16T16:57:31","guid":{"rendered":"https:\/\/www.akuadapter.eu\/?post_type=product&#038;p=138"},"modified":"2022-04-19T15:35:07","modified_gmt":"2022-04-19T13:35:07","slug":"akuadapter-blackdecker-stanley-porter-cable-dewalt-bps18d","status":"publish","type":"product","link":"https:\/\/www.akuadapter.eu\/de\/produkt\/akuadapter-blackdecker-stanley-porter-cable-dewalt-bps18d\/","title":{"rendered":"Aku Adapter BLACK DECKER  STANLEY  PORTER CABLE \/ DeWALT NiCd NiMH"},"content":{"rendered":"<p><span style=\"color: #000000;\">AkuAdapt\u00e9r BPS18D roz\u0161iruje mo\u017enosti pou\u017eitia akumul\u00e1torov Black&amp;Decker <\/span>BL1518,\u00a0BL2018,\u00a0BL2518,\u00a0BL4018,\u00a0BL1518ST,\u00a0BL2018ST,\u00a0<span style=\"color: #000000;\">LBXR20, LB2X4020, LBXR20-OPE, LB20, LBX20, LBX4020, LBXR2020-OPE, LB2X3020-OPE, LBXR20BT Stanley FMC680L, FMC685L \u00a0a PorterCable PCC680L, PCC685L, PCC682L, PCC681L, PCC600 o pou\u017eitie v\u00a018V akumul\u00e1torovom n\u00e1rad\u00ed DeWALT NiCd NiMH<\/span><\/p>\n<ul>\n<li><span style=\"color: #000000;\">Maxim\u00e1lne po\u010diato\u010dn\u00e9 nap\u00e4tie bat\u00e9rie (bez pracovnej z\u00e1\u0165a\u017ee) je 20 voltov, menovit\u00e9 nap\u00e4tie je 18 voltov.<\/span><\/li>\n<li><span style=\"color: #000000;\">USB port na nab\u00edjanie telef\u00f3nov a in\u00fdch zariaden\u00ed<\/span><\/li>\n<li><span style=\"color: #000000;\">AkuAdapt\u00e9r nie je mo\u017en\u00e9 pou\u017ei\u0165 na nab\u00edjanie akumul\u00e1torov<\/span><\/li>\n<\/ul>\n<p><span style=\"color: #000000;\">Rozmery: 110x70x50 mm<\/span><\/p>\n<p><span style=\"color: #000000;\">Hmotnos\u0165:\u00a0\u00a0120 g<\/span><\/p>\n<p><span style=\"color: #000000;\">Cena bez DPH: 20,67\u20ac<\/span><\/p>\n<p>&nbsp;<\/p>\n<p>&nbsp;<\/p>\n","protected":false},"excerpt":{"rendered":"<p><span style=\"color: #000000;\">AkuAdapt\u00e9r BPS18D roz\u0161iruje mo\u017enosti pou\u017eitia 18V akumul\u00e1torov Black&amp;Decker Stanley a PorterCable \u00a0o pou\u017eitie v 18V akumul\u00e1torovom n\u00e1rad\u00ed DeWALT NiCd NiMH<\/span><\/p>\n<p><span style=\"color: #000000;\">AkuAdapt\u00e9r BPS18D je kompatibiln\u00fd s akumul\u00e1tormi BlackDecker Stanley a\u00a0PorterCable<\/span> <span style=\"font-size: 10pt; color: #999999;\">:LBXR20, LB2X4020, LBXR20-OPE, LB20, LBX20, LBX4020, LBXR2020-OPE, LB2X3020-OPE, LBXR20BT FMC680L, FMC685L PCC680L, PCC685L, PCC682L, PCC681L, PCC600<\/span><\/p>\n<p><span style=\"color: #ffffff;\">(DC9096, DE9096, DE9093, DE9503, DE9039, DE9095, DE9098, DC9098, DW9096, DW9095, DW9098)<\/span><\/p>\n<p>&nbsp;<\/p>\n","protected":false},"featured_media":143,"template":"","meta":[],"product_cat":[15],"product_tag":[33,64,58,66,65],"class_list":["post-138","product","type-product","status-publish","has-post-thumbnail","hentry","product_cat-prislusenstvo-pre-aku-naradie","product_tag-akuadapter","product_tag-black-decker","product_tag-dewalt","product_tag-porter-cable","product_tag-stanley"],"_links":{"self":[{"href":"https:\/\/www.akuadapter.eu\/de\/wp-json\/wp\/v2\/product\/138","targetHints":{"allow":["GET"]}}],"collection":[{"href":"https:\/\/www.akuadapter.eu\/de\/wp-json\/wp\/v2\/product"}],"about":[{"href":"https:\/\/www.akuadapter.eu\/de\/wp-json\/wp\/v2\/types\/product"}],"wp:featuredmedia":[{"embeddable":true,"href":"https:\/\/www.akuadapter.eu\/de\/wp-json\/wp\/v2\/media\/143"}],"wp:attachment":[{"href":"https:\/\/www.akuadapter.eu\/de\/wp-json\/wp\/v2\/media?parent=138"}],"wp:term":[{"taxonomy":"product_cat","embeddable":true,"href":"https:\/\/www.akuadapter.eu\/de\/wp-json\/wp\/v2\/product_cat?post=138"},{"taxonomy":"product_tag","embeddable":true,"href":"https:\/\/www.akuadapter.eu\/de\/wp-json\/wp\/v2\/product_tag?post=138"}],"curies":[{"name":"wp","href":"https:\/\/api.w.org\/{rel}","templated":true}]}}