{"id":17632,"date":"2022-05-26T09:30:21","date_gmt":"2022-05-26T07:30:21","guid":{"rendered":"https:\/\/www.akuadapter.eu\/?post_type=product&#038;p=17632"},"modified":"2025-09-05T12:55:42","modified_gmt":"2025-09-05T10:55:42","slug":"aku-adapter-aeg-milwaukee","status":"publish","type":"product","link":"https:\/\/www.akuadapter.eu\/produkt\/aku-adapter-aeg-milwaukee\/","title":{"rendered":"Aku Adapter AEG \/ MILWAUKEE"},"content":{"rendered":"<p><span style=\"color: #000000; font-family: arial, helvetica, sans-serif; font-size: 14pt;\">AkuAdapt\u00e9r AG18MW roz\u0161iruje mo\u017enosti pou\u017eitia 18V akumul\u00e1torov AEG POWER TOOLS* o pou\u017eitie v 18V akumul\u00e1torovom n\u00e1rad\u00ed MILWAUKEE (M18)<\/span><\/p>\n<p><span style=\"font-family: arial, helvetica, sans-serif; font-size: 14pt;\"><strong><span style=\"color: #000000;\">AkuAdapt\u00e9r nie je vhodn\u00fd na nab\u00edjanie akumul\u00e1torov<\/span><\/strong><\/span><\/p>\n<p><span style=\"color: #000000; font-family: arial, helvetica, sans-serif; font-size: 14pt;\">Rozmery : 120 x 75 x 50 mm<\/span><\/p>\n<p><span style=\"color: #000000; font-family: arial, helvetica, sans-serif; font-size: 14pt;\">Hmotnos\u0165 : 120 g<\/span><\/p>\n<p><span style=\"color: #000000; font-family: arial, helvetica, sans-serif;\">*L1820S L1840S L1830RHD<span style=\"color: #202020;\">\u00a0<\/span>L1860RHD L1890RHD<\/span><\/p>\n","protected":false},"excerpt":{"rendered":"<p><span style=\"color: #000000; font-family: arial, helvetica, sans-serif; font-size: 14pt;\">Aku Adapt\u00e9r AEG \/ MILWAUKEE umo\u017e\u0148uje pou\u017eitie 18V akumul\u00e1torov AEG v 18V n\u00e1rad\u00ed MILWAUKEE<\/span><\/p>\n","protected":false},"featured_media":17771,"template":"","meta":[],"product_cat":[15],"product_tag":[79,33,60,80],"class_list":["post-17632","product","type-product","status-publish","has-post-thumbnail","hentry","product_cat-prislusenstvo-pre-aku-naradie","product_tag-aeg","product_tag-akuadapter","product_tag-milwaukee","product_tag-ridgid"],"_links":{"self":[{"href":"https:\/\/www.akuadapter.eu\/de\/wp-json\/wp\/v2\/product\/17632","targetHints":{"allow":["GET"]}}],"collection":[{"href":"https:\/\/www.akuadapter.eu\/de\/wp-json\/wp\/v2\/product"}],"about":[{"href":"https:\/\/www.akuadapter.eu\/de\/wp-json\/wp\/v2\/types\/product"}],"wp:featuredmedia":[{"embeddable":true,"href":"https:\/\/www.akuadapter.eu\/de\/wp-json\/wp\/v2\/media\/17771"}],"wp:attachment":[{"href":"https:\/\/www.akuadapter.eu\/de\/wp-json\/wp\/v2\/media?parent=17632"}],"wp:term":[{"taxonomy":"product_cat","embeddable":true,"href":"https:\/\/www.akuadapter.eu\/de\/wp-json\/wp\/v2\/product_cat?post=17632"},{"taxonomy":"product_tag","embeddable":true,"href":"https:\/\/www.akuadapter.eu\/de\/wp-json\/wp\/v2\/product_tag?post=17632"}],"curies":[{"name":"wp","href":"https:\/\/api.w.org\/{rel}","templated":true}]}}