{"id":18341,"date":"2023-01-13T07:46:49","date_gmt":"2023-01-13T06:46:49","guid":{"rendered":"https:\/\/www.akuadapter.eu\/?post_type=product&#038;p=18341"},"modified":"2025-10-31T11:55:39","modified_gmt":"2025-10-31T10:55:39","slug":"aku-adapter-bosch-einhell","status":"publish","type":"product","link":"https:\/\/www.akuadapter.eu\/produkt\/aku-adapter-bosch-einhell\/","title":{"rendered":"Aku Adapt\u00e9r BOSCH \/ EINHELL"},"content":{"rendered":"<p><span style=\"color: #333333; font-size: 14pt;\"><span style=\"font-family: arial, helvetica, sans-serif;\">AkuAdapt\u00e9r BH18EH roz\u0161iruje mo\u017enosti pou\u017eitia 18V akumul\u00e1torov BOSCH Professional* a AMPShare o pou\u017eitie v 18V <\/span><span style=\"font-family: arial, helvetica, sans-serif;\">akumul\u00e1torovom <\/span><span style=\"font-family: arial, helvetica, sans-serif;\">n\u00e1rad\u00ed EINHELL\u00a0<\/span><\/span><\/p>\n<ul>\n<li><span style=\"font-family: arial, helvetica, sans-serif; color: #333333; font-size: 14pt;\"><strong>Adapt\u00e9r nie je vhodn\u00fd na nab\u00edjanie akumul\u00e1torov<\/strong><\/span><\/li>\n<\/ul>\n<p><span style=\"font-family: arial, helvetica, sans-serif; color: #333333; font-size: 14pt;\">Rozmery: 110x70x45 mm<\/span><\/p>\n<p><span style=\"font-family: arial, helvetica, sans-serif; color: #333333; font-size: 14pt;\">Hmotnos\u0165:\u00a0 100 g<\/span><\/p>\n<p><span style=\"font-family: arial, helvetica, sans-serif; color: #000000; font-size: 12pt;\">*GBA18V2.0 1600Z00036 GBA18V3.0 1600Z00037 GBA18V4.0 1600Z00038 \u00a0\u00a0GBA18V5.0 1600A002U5 GBA18V6.0\u00a01600A004ZN 2607337264 ProCORE18V4.0Ah 2607336236\u00a01600A016GB ProCORE18V8.0Ah 1600A016GK ProCORE18V12.0Ah\u00a01600A016GU EXBA18V-40 1600A036YW\u00a0 EXBA18V-55 1600A036Z6\u00a0 EXBA18V-80 1600A036ZB\u00a0 EXBA18V-150 1600A036ZM\u00a0<\/span><\/p>\n","protected":false},"excerpt":{"rendered":"<p class=\"product_title entry-title\"><span style=\"font-size: 14pt; color: #000000;\"><span style=\"font-family: arial, helvetica, sans-serif;\">Aku Adapt\u00e9r BOSCH \/ EINHELL umo\u017e\u0148uje pou\u017eitie 18V akumul\u00e1torov <span style=\"color: #000000;\">BOSCH Professional <\/span><\/span><span style=\"font-family: arial, helvetica, sans-serif;\">v 18V n\u00e1rad\u00ed EINHELL<\/span><\/span><\/p>\n","protected":false},"featured_media":40689,"template":"","meta":[],"product_cat":[15],"product_tag":[62,173],"class_list":["post-18341","product","type-product","status-publish","has-post-thumbnail","hentry","product_cat-prislusenstvo-pre-aku-naradie","product_tag-bosch","product_tag-einhell"],"_links":{"self":[{"href":"https:\/\/www.akuadapter.eu\/de\/wp-json\/wp\/v2\/product\/18341","targetHints":{"allow":["GET"]}}],"collection":[{"href":"https:\/\/www.akuadapter.eu\/de\/wp-json\/wp\/v2\/product"}],"about":[{"href":"https:\/\/www.akuadapter.eu\/de\/wp-json\/wp\/v2\/types\/product"}],"wp:featuredmedia":[{"embeddable":true,"href":"https:\/\/www.akuadapter.eu\/de\/wp-json\/wp\/v2\/media\/40689"}],"wp:attachment":[{"href":"https:\/\/www.akuadapter.eu\/de\/wp-json\/wp\/v2\/media?parent=18341"}],"wp:term":[{"taxonomy":"product_cat","embeddable":true,"href":"https:\/\/www.akuadapter.eu\/de\/wp-json\/wp\/v2\/product_cat?post=18341"},{"taxonomy":"product_tag","embeddable":true,"href":"https:\/\/www.akuadapter.eu\/de\/wp-json\/wp\/v2\/product_tag?post=18341"}],"curies":[{"name":"wp","href":"https:\/\/api.w.org\/{rel}","templated":true}]}}