{"id":20072,"date":"2024-06-11T16:59:39","date_gmt":"2024-06-11T14:59:39","guid":{"rendered":"https:\/\/www.akuadapter.eu\/?post_type=product&#038;p=20072"},"modified":"2025-10-17T11:24:13","modified_gmt":"2025-10-17T09:24:13","slug":"aku-adapter-wurth-m-cube-husqvarna-aspire","status":"publish","type":"product","link":"https:\/\/www.akuadapter.eu\/de\/produkt\/aku-adapter-wurth-m-cube-husqvarna-aspire\/","title":{"rendered":"Aku Adapter W\u00dcRTH M-CUBE \/ HUSQVARNA Aspire P4A"},"content":{"rendered":"<p><span style=\"color: #000000; font-family: arial, helvetica, sans-serif; font-size: 14pt;\">AkuAdapt\u00e9r WH18HQ (<strong><span style=\"color: #00ff00;\">Green<\/span>Black<span style=\"color: #00ff00;\">Adapter<\/span><\/strong>) roz\u0161iruje mo\u017enosti pou\u017eitia 18V akumul\u00e1torov W\u00dcRTH M-CUBE<span style=\"font-family: arial, helvetica, sans-serif;\">* <\/span>\u00a0o pou\u017eitie v n\u00e1rad\u00ed HUSQVARNA Aspire P4A (Power For All 18V)<\/span><\/p>\n<p><span style=\"color: #000000; font-family: arial, helvetica, sans-serif; font-size: 14pt;\"><strong>Adapt\u00e9r nie je vhodn\u00fd na nab\u00edjanie akumul\u00e1torov.<\/strong><\/span><\/p>\n<p><span style=\"color: #000000; font-family: arial, helvetica, sans-serif; font-size: 14pt;\">Rozmery: 110x70x45 mm<\/span><\/p>\n<p><span style=\"color: #000000; font-family: arial, helvetica, sans-serif; font-size: 14pt;\">Hmotnos\u0165: 120 g<\/span><\/p>\n<p><span style=\"font-family: arial, helvetica, sans-serif; font-size: 12pt; color: #000000;\"><strong>*<\/strong> 18V\/2,0AH M-CUBE BASIC MASTER (5703420000), 18V\/4,0AH M-CUBE BASIC MASTER (5704180000), 18V\/5,0AH M-CUBE BASICMASTER <span style=\"font-family: arial, helvetica, sans-serif;\">(5703450000)\u00a0 <\/span><\/span><\/p>\n","protected":false},"excerpt":{"rendered":"<p><span style=\"font-size: 14pt;\"><span style=\"color: #000000; font-family: arial, helvetica, sans-serif;\">Aku Adapt\u00e9r W\u00dcRTH M-CUBE \/ HUSQVARNA Aspire P4A umo\u017e\u0148uje pou\u017eitie 18V akumul\u00e1torov W\u00dcRTH M-CUBE <\/span><span style=\"color: #000000; font-family: arial, helvetica, sans-serif;\">v n\u00e1rad\u00ed HUSQVARNA\u00a0 Aspire P4A\u00a0<\/span><\/span><\/p>\n<p>&nbsp;<\/p>\n","protected":false},"featured_media":20108,"template":"","meta":[],"product_cat":[15],"product_tag":[151,62,196,206,195,61],"class_list":["post-20072","product","type-product","status-publish","has-post-thumbnail","hentry","product_cat-prislusenstvo-pre-aku-naradie","product_tag-al-ko","product_tag-bosch","product_tag-husqvarna","product_tag-m-cube","product_tag-power-for-all-18v","product_tag-wurth"],"_links":{"self":[{"href":"https:\/\/www.akuadapter.eu\/de\/wp-json\/wp\/v2\/product\/20072","targetHints":{"allow":["GET"]}}],"collection":[{"href":"https:\/\/www.akuadapter.eu\/de\/wp-json\/wp\/v2\/product"}],"about":[{"href":"https:\/\/www.akuadapter.eu\/de\/wp-json\/wp\/v2\/types\/product"}],"wp:featuredmedia":[{"embeddable":true,"href":"https:\/\/www.akuadapter.eu\/de\/wp-json\/wp\/v2\/media\/20108"}],"wp:attachment":[{"href":"https:\/\/www.akuadapter.eu\/de\/wp-json\/wp\/v2\/media?parent=20072"}],"wp:term":[{"taxonomy":"product_cat","embeddable":true,"href":"https:\/\/www.akuadapter.eu\/de\/wp-json\/wp\/v2\/product_cat?post=20072"},{"taxonomy":"product_tag","embeddable":true,"href":"https:\/\/www.akuadapter.eu\/de\/wp-json\/wp\/v2\/product_tag?post=20072"}],"curies":[{"name":"wp","href":"https:\/\/api.w.org\/{rel}","templated":true}]}}