{"id":20118,"date":"2024-06-18T18:12:23","date_gmt":"2024-06-18T16:12:23","guid":{"rendered":"https:\/\/www.akuadapter.eu\/?post_type=product&#038;p=20118"},"modified":"2025-07-18T14:49:36","modified_gmt":"2025-07-18T12:49:36","slug":"aku-adapter-bosch-hobby-einhell","status":"publish","type":"product","link":"https:\/\/www.akuadapter.eu\/de\/produkt\/aku-adapter-bosch-hobby-einhell\/","title":{"rendered":"Aku Adapter BOSCH hobby \/ EINHELL"},"content":{"rendered":"<p><span style=\"color: #000000; font-size: 14pt;\"><span style=\"font-family: arial, helvetica, sans-serif;\">Adapt\u00e9r BSh18EH roz\u0161iruje mo\u017enosti pou\u017eitia 18V Li-Ion akumul\u00e1torov BOSCH hobby<span style=\"font-family: arial, helvetica, sans-serif;\">*<\/span> o pou\u017eitie v n\u00e1rad\u00ed EINHELL <\/span><span style=\"font-family: arial, helvetica, sans-serif;\">18V Power X-Change<\/span><\/span><\/p>\n<ul>\n<li><span style=\"color: #000000; font-family: arial, helvetica, sans-serif; font-size: 14pt;\"><strong>Adapt\u00e9r nie je vhodn\u00fd na nab\u00edjanie akumul\u00e1torov.<\/strong><\/span><\/li>\n<\/ul>\n<p><span style=\"color: #000000; font-family: arial, helvetica, sans-serif; font-size: 14pt;\">Rozmery: 110x70x55mm<\/span><\/p>\n<p><span style=\"color: #000000; font-family: arial, helvetica, sans-serif; font-size: 14pt;\">Hmotnos\u0165:\u00a0 100 g<\/span><\/p>\n<p><span style=\"font-size: 14pt;\"><span style=\"color: #000000; font-family: arial, helvetica, sans-serif;\">*\u00a0<\/span><span style=\"color: #000000;\"><span style=\"font-family: arial, helvetica, sans-serif;\">PBA18V2.5Ah 1600A005B0\u00a0 PBA18V4.0Ah 1600A011T8\u00a0 PBA18V6.0Ah <\/span><\/span><\/span><\/p>\n","protected":false},"excerpt":{"rendered":"<p><span style=\"font-size: 14pt;\"><span style=\"color: #000000; font-family: arial, helvetica, sans-serif;\">Aku Adapt\u00e9r BOSCH hobby \/ EINHELL umo\u017e\u0148uje pou\u017eitie 18V akumul\u00e1torov BOSCH hobby (PBA) <\/span><span style=\"color: #000000; font-family: arial, helvetica, sans-serif;\">v 18V n\u00e1rad\u00ed EINHELL\u00a0<\/span><\/span><\/p>\n","protected":false},"featured_media":40724,"template":"","meta":[],"product_cat":[15],"product_tag":[151,62,173,91,196,130],"class_list":["post-20118","product","type-product","status-publish","has-post-thumbnail","hentry","product_cat-prislusenstvo-pre-aku-naradie","product_tag-al-ko","product_tag-bosch","product_tag-einhell","product_tag-gardena","product_tag-husqvarna","product_tag-power-for-all"],"_links":{"self":[{"href":"https:\/\/www.akuadapter.eu\/de\/wp-json\/wp\/v2\/product\/20118","targetHints":{"allow":["GET"]}}],"collection":[{"href":"https:\/\/www.akuadapter.eu\/de\/wp-json\/wp\/v2\/product"}],"about":[{"href":"https:\/\/www.akuadapter.eu\/de\/wp-json\/wp\/v2\/types\/product"}],"wp:featuredmedia":[{"embeddable":true,"href":"https:\/\/www.akuadapter.eu\/de\/wp-json\/wp\/v2\/media\/40724"}],"wp:attachment":[{"href":"https:\/\/www.akuadapter.eu\/de\/wp-json\/wp\/v2\/media?parent=20118"}],"wp:term":[{"taxonomy":"product_cat","embeddable":true,"href":"https:\/\/www.akuadapter.eu\/de\/wp-json\/wp\/v2\/product_cat?post=20118"},{"taxonomy":"product_tag","embeddable":true,"href":"https:\/\/www.akuadapter.eu\/de\/wp-json\/wp\/v2\/product_tag?post=20118"}],"curies":[{"name":"wp","href":"https:\/\/api.w.org\/{rel}","templated":true}]}}