{"id":20288,"date":"2024-07-27T12:52:24","date_gmt":"2024-07-27T10:52:24","guid":{"rendered":"https:\/\/www.akuadapter.eu\/?post_type=product&#038;p=20288"},"modified":"2026-04-03T19:20:31","modified_gmt":"2026-04-03T17:20:31","slug":"aku-adapter-dewalt-wagner-w600-flexio","status":"publish","type":"product","link":"https:\/\/www.akuadapter.eu\/de\/produkt\/aku-adapter-dewalt-wagner-w600-flexio\/","title":{"rendered":"Aku Adapter DeWALT \/ WAGNER W 600 FLEXio"},"content":{"rendered":"<p><span style=\"color: #000000; font-family: arial, helvetica, sans-serif; font-size: 14pt;\">Adapt\u00e9r DW18BSh W roz\u0161iruje mo\u017enosti pou\u017eitia 18V akumul\u00e1torov DeWALT*\u00a0o pou\u017eitie v striekacej pi\u0161toli WAGNER Universal Sprayer W 600 FLEXio 18V (242074)<\/span><\/p>\n<p><span style=\"color: #000000; font-family: arial, helvetica, sans-serif; font-size: 14pt;\"><strong>Adapt\u00e9r nie je vhodn\u00fd na nab\u00edjanie akumul\u00e1torov.<\/strong><\/span><\/p>\n<p><span style=\"color: #000000; font-family: arial, helvetica, sans-serif; font-size: 14pt;\"><strong>Adapt\u00e9r nie je vhodn\u00fd pre vys\u00e1va\u010de BOSCH Unlimited Series 6,7,8<\/strong><\/span><\/p>\n<p><span style=\"color: #000000; font-family: arial, helvetica, sans-serif; font-size: 14pt;\">Rozmery: 90x70x40 mm<\/span><\/p>\n<p><span style=\"color: #000000; font-family: arial, helvetica, sans-serif; font-size: 14pt;\">Hmotnos\u0165:\u00a0 100 g<\/span><\/p>\n<p><span style=\"color: #000000; font-family: arial, helvetica, sans-serif; font-size: 10pt;\">* <\/span><span style=\"font-family: arial, helvetica, sans-serif; color: #000000;\">DCB182 DCB183 DCB183B DCB183G DCB184 DCB184B DCB184G DCB546 DCB547 DCB548 DCB549 DCBP034 DCBP034G DCBP318 DCBP518 DCBP518G DCB1880<\/span><\/p>\n<p><span style=\"color: #000000; font-family: arial, helvetica, sans-serif; font-size: 10pt;\">\u00a0<\/span><\/p>\n","protected":false},"excerpt":{"rendered":"<p><span style=\"color: #000000; font-family: arial, helvetica, sans-serif;\">Aku Adapt\u00e9r DeWALT \/ WAGNER W 600 FLEXio umo\u017e\u0148uje pou\u017eitie 18V akumul\u00e1torov DeWALT* v striekacej pi\u0161toli WAGNER Universal Sprayer W 600 FLEXio 18V<\/span><\/p>\n","protected":false},"featured_media":20290,"template":"","meta":[],"product_cat":[15],"product_tag":[151,62,58,133,91,132,196,165,60,164,130,135,131],"class_list":["post-20288","product","type-product","status-publish","has-post-thumbnail","hentry","product_cat-prislusenstvo-pre-aku-naradie","product_tag-al-ko","product_tag-bosch","product_tag-dewalt","product_tag-flymo","product_tag-gardena","product_tag-gloria","product_tag-husqvarna","product_tag-kubler-workwear","product_tag-milwaukee","product_tag-perfectpro","product_tag-power-for-all","product_tag-rapid","product_tag-wagner"],"_links":{"self":[{"href":"https:\/\/www.akuadapter.eu\/de\/wp-json\/wp\/v2\/product\/20288","targetHints":{"allow":["GET"]}}],"collection":[{"href":"https:\/\/www.akuadapter.eu\/de\/wp-json\/wp\/v2\/product"}],"about":[{"href":"https:\/\/www.akuadapter.eu\/de\/wp-json\/wp\/v2\/types\/product"}],"wp:featuredmedia":[{"embeddable":true,"href":"https:\/\/www.akuadapter.eu\/de\/wp-json\/wp\/v2\/media\/20290"}],"wp:attachment":[{"href":"https:\/\/www.akuadapter.eu\/de\/wp-json\/wp\/v2\/media?parent=20288"}],"wp:term":[{"taxonomy":"product_cat","embeddable":true,"href":"https:\/\/www.akuadapter.eu\/de\/wp-json\/wp\/v2\/product_cat?post=20288"},{"taxonomy":"product_tag","embeddable":true,"href":"https:\/\/www.akuadapter.eu\/de\/wp-json\/wp\/v2\/product_tag?post=20288"}],"curies":[{"name":"wp","href":"https:\/\/api.w.org\/{rel}","templated":true}]}}