{"id":40621,"date":"2025-07-17T09:36:48","date_gmt":"2025-07-17T07:36:48","guid":{"rendered":"https:\/\/www.akuadapter.eu\/?post_type=product&#038;p=40621"},"modified":"2025-12-02T16:11:05","modified_gmt":"2025-12-02T15:11:05","slug":"aku-adapter-makita-wagner-woodmetal-sprayer-w-250-18v","status":"publish","type":"product","link":"https:\/\/www.akuadapter.eu\/de\/produkt\/aku-adapter-makita-wagner-woodmetal-sprayer-w-250-18v\/","title":{"rendered":"Aku Adapter MAKITA \/ WAGNER Wood&#038;Metal Sprayer W 250 18V"},"content":{"rendered":"<p><span style=\"color: #000000; font-family: arial, helvetica, sans-serif; font-size: 14pt;\">AkuAdapt\u00e9r MT18BSh W roz\u0161iruje mo\u017enosti pou\u017eitia akumul\u00e1torov MAKITA 18V<span style=\"font-family: arial, helvetica, sans-serif;\">*<\/span> o pou\u017eitie v striekacej pi\u0161toli WAGNER Wood&amp;Metal Sprayer W 250 18V\u00a0 \u00a0 \u00a02457703<\/span><\/p>\n<p><span style=\"color: #000000; font-family: arial, helvetica, sans-serif; font-size: 14pt;\"><strong>Adapt\u00e9r nie je vhodn\u00fd na nab\u00edjanie akumul\u00e1torov.<\/strong><\/span><\/p>\n<p><span style=\"color: #000000; font-family: arial, helvetica, sans-serif; font-size: 14pt;\"><strong>Adapt\u00e9r nie je vhodn\u00fd pre vys\u00e1va\u010de BOSCH Unlimited Series 6,7,8<\/strong><\/span><\/p>\n<p><span style=\"color: #000000; font-family: arial, helvetica, sans-serif; font-size: 14pt;\">Rozmery: 90x70x40 mm<\/span><\/p>\n<p><span style=\"color: #000000; font-family: arial, helvetica, sans-serif; font-size: 14pt;\">Hmotnos\u0165:\u00a0 100 g<\/span><\/p>\n<p><span style=\"color: #000000; font-family: arial, helvetica, sans-serif; font-size: 12pt;\">*\u00a0 BL1815N BL1820B BL1830B BL1840B BL1850B BL1860B 196235-0 197254-9 197599-5 197267-0 197280-8 197422-4 197422-4 <span style=\"font-family: arial, helvetica, sans-serif; color: #000000;\"><span style=\"font-size: 12pt;\">BL1890B 1915H4-0<\/span><\/span><\/span><\/p>\n","protected":false},"excerpt":{"rendered":"<p><span style=\"color: #000000; font-family: arial, helvetica, sans-serif; font-size: 14pt;\">Aku Adapt\u00e9r MAKITA \/ WAGNER PowerForAll18V umo\u017e\u0148uje pou\u017eitie 18V akumul\u00e1torov MAKITA v striekacej pi\u0161toli WAGNER Wood&amp;Metal Sprayer W 250 18V<\/span><\/p>\n","protected":false},"featured_media":21925,"template":"","meta":[],"product_cat":[15],"product_tag":[151,62,134,133,91,132,196,165,59,164,130,135,131],"class_list":["post-40621","product","type-product","status-publish","has-post-thumbnail","hentry","product_cat-prislusenstvo-pre-aku-naradie","product_tag-al-ko","product_tag-bosch","product_tag-bsh","product_tag-flymo","product_tag-gardena","product_tag-gloria","product_tag-husqvarna","product_tag-kubler-workwear","product_tag-makita","product_tag-perfectpro","product_tag-power-for-all","product_tag-rapid","product_tag-wagner"],"_links":{"self":[{"href":"https:\/\/www.akuadapter.eu\/de\/wp-json\/wp\/v2\/product\/40621","targetHints":{"allow":["GET"]}}],"collection":[{"href":"https:\/\/www.akuadapter.eu\/de\/wp-json\/wp\/v2\/product"}],"about":[{"href":"https:\/\/www.akuadapter.eu\/de\/wp-json\/wp\/v2\/types\/product"}],"wp:featuredmedia":[{"embeddable":true,"href":"https:\/\/www.akuadapter.eu\/de\/wp-json\/wp\/v2\/media\/21925"}],"wp:attachment":[{"href":"https:\/\/www.akuadapter.eu\/de\/wp-json\/wp\/v2\/media?parent=40621"}],"wp:term":[{"taxonomy":"product_cat","embeddable":true,"href":"https:\/\/www.akuadapter.eu\/de\/wp-json\/wp\/v2\/product_cat?post=40621"},{"taxonomy":"product_tag","embeddable":true,"href":"https:\/\/www.akuadapter.eu\/de\/wp-json\/wp\/v2\/product_tag?post=40621"}],"curies":[{"name":"wp","href":"https:\/\/api.w.org\/{rel}","templated":true}]}}