{"id":40633,"date":"2025-07-17T10:17:29","date_gmt":"2025-07-17T08:17:29","guid":{"rendered":"https:\/\/www.akuadapter.eu\/?post_type=product&#038;p=40633"},"modified":"2025-12-17T11:47:12","modified_gmt":"2025-12-17T10:47:12","slug":"aku-adapter-dewalt-wagner-woodmetal-sprayer-w-250-18v","status":"publish","type":"product","link":"https:\/\/www.akuadapter.eu\/de\/produkt\/aku-adapter-dewalt-wagner-woodmetal-sprayer-w-250-18v\/","title":{"rendered":"Aku Adapter DeWALT \/ WAGNER Wood&#038;Metal Sprayer W 250 18V"},"content":{"rendered":"<p><span style=\"color: #000000; font-family: arial, helvetica, sans-serif; font-size: 14pt;\">Adapt\u00e9r DW18BSh W roz\u0161iruje mo\u017enosti pou\u017eitia 18V akumul\u00e1torov DeWALT*\u00a0o pou\u017eitie v striekacej pi\u0161toli WAGNER Wood&amp;Metal Sprayer W 250 18V\u00a0 \u00a0 \u00a02457703<\/span><\/p>\n<p><span style=\"color: #000000; font-family: arial, helvetica, sans-serif; font-size: 14pt;\"><strong>Adapt\u00e9r nie je vhodn\u00fd na nab\u00edjanie akumul\u00e1torov.<\/strong><\/span><\/p>\n<p><span style=\"color: #000000; font-family: arial, helvetica, sans-serif; font-size: 14pt;\"><strong>Adapt\u00e9r nie je vhodn\u00fd pre vys\u00e1va\u010de BOSCH Unlimited Series 6,7,8<\/strong><\/span><\/p>\n<p><span style=\"color: #000000; font-family: arial, helvetica, sans-serif; font-size: 14pt;\">Rozmery: 90x70x40 mm<\/span><\/p>\n<p><span style=\"color: #000000; font-family: arial, helvetica, sans-serif; font-size: 14pt;\">Hmotnos\u0165:\u00a0 110 g<\/span><\/p>\n<p><span style=\"font-family: arial, helvetica, sans-serif;\"><span style=\"color: #000000; font-size: 14pt;\">* <\/span><span style=\"font-size: 12pt;\">DCB182 DCB183 DCB183B DCB183G DCB184 DCB184B DCB184G DCB546 DCB547 DCB548 DCB549 DCBP034 DCBP034G DCBP318 DCBP518 DCBP518G DCB1880<span style=\"color: #000000;\">\u00a0<\/span><\/span><\/span><\/p>\n","protected":false},"excerpt":{"rendered":"<p><span style=\"color: #000000; font-family: arial, helvetica, sans-serif; font-size: 14pt;\">Aku Adapt\u00e9r DeWALT \/ WAGNER PowerForAll18V umo\u017e\u0148uje pou\u017eitie 18V akumul\u00e1torov DeWALT* v striekacej pi\u0161toli WAGNER Wood&amp;Metal Sprayer W 250 18V\u00a0 \u00a0 \u00a0<\/span><\/p>\n","protected":false},"featured_media":20290,"template":"","meta":[],"product_cat":[15],"product_tag":[151,62,58,133,91,132,196,165,60,164,130,135,131],"class_list":["post-40633","product","type-product","status-publish","has-post-thumbnail","hentry","product_cat-prislusenstvo-pre-aku-naradie","product_tag-al-ko","product_tag-bosch","product_tag-dewalt","product_tag-flymo","product_tag-gardena","product_tag-gloria","product_tag-husqvarna","product_tag-kubler-workwear","product_tag-milwaukee","product_tag-perfectpro","product_tag-power-for-all","product_tag-rapid","product_tag-wagner"],"_links":{"self":[{"href":"https:\/\/www.akuadapter.eu\/de\/wp-json\/wp\/v2\/product\/40633","targetHints":{"allow":["GET"]}}],"collection":[{"href":"https:\/\/www.akuadapter.eu\/de\/wp-json\/wp\/v2\/product"}],"about":[{"href":"https:\/\/www.akuadapter.eu\/de\/wp-json\/wp\/v2\/types\/product"}],"wp:featuredmedia":[{"embeddable":true,"href":"https:\/\/www.akuadapter.eu\/de\/wp-json\/wp\/v2\/media\/20290"}],"wp:attachment":[{"href":"https:\/\/www.akuadapter.eu\/de\/wp-json\/wp\/v2\/media?parent=40633"}],"wp:term":[{"taxonomy":"product_cat","embeddable":true,"href":"https:\/\/www.akuadapter.eu\/de\/wp-json\/wp\/v2\/product_cat?post=40633"},{"taxonomy":"product_tag","embeddable":true,"href":"https:\/\/www.akuadapter.eu\/de\/wp-json\/wp\/v2\/product_tag?post=40633"}],"curies":[{"name":"wp","href":"https:\/\/api.w.org\/{rel}","templated":true}]}}