{"id":40879,"date":"2025-07-27T11:38:37","date_gmt":"2025-07-27T09:38:37","guid":{"rendered":"https:\/\/www.akuadapter.eu\/?post_type=product&#038;p=40879"},"modified":"2025-07-29T13:33:33","modified_gmt":"2025-07-29T11:33:33","slug":"aku-adapter-einhell-hikoki-hitachi","status":"publish","type":"product","link":"https:\/\/www.akuadapter.eu\/de\/produkt\/aku-adapter-einhell-hikoki-hitachi\/","title":{"rendered":"Aku Adapt\u00e9r EINHELL \/ HIKOKI HITACHI"},"content":{"rendered":"<p><span style=\"font-size: 14pt; color: #000000;\"><span style=\"font-family: arial, helvetica, sans-serif;\">AkuAdapt\u00e9r EH18HK roz\u0161iruje mo\u017enosti pou\u017eitia akumul\u00e1torov EINHELL 18V <span style=\"font-family: arial, helvetica, sans-serif;\">Power X-Change<\/span>* o pou\u017eitie v 18V\u00a0<\/span><span style=\"font-family: arial, helvetica, sans-serif;\">akumul\u00e1torovom <\/span><span style=\"font-family: arial, helvetica, sans-serif;\">n\u00e1rad\u00ed HIKOKI, HITACHI a METABO HPT<\/span><\/span><\/p>\n<ul>\n<li><span style=\"font-size: 14pt; color: #000000;\"><strong style=\"font-family: arial, helvetica, sans-serif;\">Adapt\u00e9r nie je vhodn\u00fd na nab\u00edjanie akumul\u00e1torov<\/strong><\/span><\/li>\n<\/ul>\n<p><span style=\"font-family: arial, helvetica, sans-serif; color: #000000; font-size: 14pt;\">Rozmery: 100x80x50 mm<\/span><\/p>\n<p><span style=\"font-family: arial, helvetica, sans-serif; color: #000000; font-size: 14pt;\">Hmotnos\u0165: 100 g\u00a0<\/span><\/p>\n<p><span style=\"font-size: 12pt;\"><span style=\"font-family: arial, helvetica, sans-serif; color: #000000; font-size: 14pt;\">*<\/span><span style=\"color: #808080;\"><span style=\"font-family: arial, helvetica, sans-serif; font-size: 14pt;\">18V 2,0Ah Power X-Change\u00a0 <span class=\"meta\"><span class=\"data-point-itemno\">4511395, <\/span><\/span><\/span><span style=\"font-family: arial, helvetica, sans-serif;\"><span style=\"font-size: 14pt;\">18V 2,5Ah Power X-Change <span class=\"data-point-itemno\">4511516, <\/span>18V 4,0Ah Power X-Change 1 <span class=\"data-point-itemno\">4511396,<\/span><span class=\"meta\">\u00a0<\/span>18V 3,0Ah Power X-Change Plus <span class=\"data-point-itemno\">4511501, <\/span>18V 4-6Ah Multi-Ah PXC Plus <span class=\"data-point-itemno\">4511502, 18V <\/span>4,0Ah Power-X-Change Plus <span class=\"data-point-itemno\">4511553, <\/span>18V 5-8Ah Multi-Ah PXC Plus <\/span><span class=\"data-point-itemno\"><span style=\"font-size: 14pt;\">4511600<\/span>\u00a0<\/span><\/span><\/span><\/span><\/p>\n","protected":false},"excerpt":{"rendered":"<p class=\"product_title entry-title\"><span style=\"font-size: 14pt; color: #000000;\"><span style=\"font-family: arial, helvetica, sans-serif;\">Aku Adapt\u00e9r EINHELL \/ HIKOKI HITACHI umo\u017e\u0148uje pou\u017eitie 18V akumul\u00e1torov <\/span><span style=\"font-family: arial, helvetica, sans-serif;\">EINHELL <\/span><span style=\"font-family: arial, helvetica, sans-serif;\">v 18V n\u00e1rad\u00ed HIKOKI a HITACHI<\/span><\/span><\/p>\n","protected":false},"featured_media":40973,"template":"","meta":[],"product_cat":[15],"product_tag":[173,81,82],"class_list":["post-40879","product","type-product","status-publish","has-post-thumbnail","hentry","product_cat-prislusenstvo-pre-aku-naradie","product_tag-einhell","product_tag-hikoki","product_tag-hitachi"],"_links":{"self":[{"href":"https:\/\/www.akuadapter.eu\/de\/wp-json\/wp\/v2\/product\/40879","targetHints":{"allow":["GET"]}}],"collection":[{"href":"https:\/\/www.akuadapter.eu\/de\/wp-json\/wp\/v2\/product"}],"about":[{"href":"https:\/\/www.akuadapter.eu\/de\/wp-json\/wp\/v2\/types\/product"}],"wp:featuredmedia":[{"embeddable":true,"href":"https:\/\/www.akuadapter.eu\/de\/wp-json\/wp\/v2\/media\/40973"}],"wp:attachment":[{"href":"https:\/\/www.akuadapter.eu\/de\/wp-json\/wp\/v2\/media?parent=40879"}],"wp:term":[{"taxonomy":"product_cat","embeddable":true,"href":"https:\/\/www.akuadapter.eu\/de\/wp-json\/wp\/v2\/product_cat?post=40879"},{"taxonomy":"product_tag","embeddable":true,"href":"https:\/\/www.akuadapter.eu\/de\/wp-json\/wp\/v2\/product_tag?post=40879"}],"curies":[{"name":"wp","href":"https:\/\/api.w.org\/{rel}","templated":true}]}}