{"id":41140,"date":"2025-08-14T14:14:07","date_gmt":"2025-08-14T12:14:07","guid":{"rendered":"https:\/\/www.akuadapter.eu\/?post_type=product&#038;p=41140"},"modified":"2025-08-18T09:18:39","modified_gmt":"2025-08-18T07:18:39","slug":"aku-adapter-fein-ampshare-bosch-powerforall","status":"publish","type":"product","link":"https:\/\/www.akuadapter.eu\/de\/produkt\/aku-adapter-fein-ampshare-bosch-powerforall\/","title":{"rendered":"Aku Adapter FEIN AMPShare \/ BOSCH PowerForAll"},"content":{"rendered":"<p><span style=\"color: #000000; font-family: arial, helvetica, sans-serif; font-size: 14pt;\">AkuAdapt\u00e9r <span style=\"color: #000000;\"><span style=\"font-family: arial, helvetica, sans-serif;\">\u00a0<\/span><\/span>FNamp18BSh roz\u0161iruje mo\u017enosti pou\u017eitia 18V akumul\u00e1torov FEIN AMPShare<span style=\"font-family: arial, helvetica, sans-serif;\">* <\/span>\u00a0o pou\u017eitie\u00a0<\/span><\/p>\n<ul>\n<li><span style=\"font-family: arial, helvetica, sans-serif; font-size: 14pt; color: #000000;\">v 18V hobby a z\u00e1hradnom (zelenom) n\u00e1rad\u00ed BOSCH\u00a0<\/span><\/li>\n<li><span style=\"font-family: arial, helvetica, sans-serif; font-size: 14pt; color: #000000;\">v n\u00e1rad\u00ed akumul\u00e1torov\u00e9ho syst\u00e9mu POWER FOR ALL 18V (GARDENA, GLORIA, HUSQUARNA, FLYMO&#8230;)<\/span><\/li>\n<li><span style=\"font-family: arial, helvetica, sans-serif; color: #000000; font-size: 14pt;\">v n\u00e1rad\u00ed AL-KO 18V Bosch Home and Garden Compatible<\/span><\/li>\n<\/ul>\n<p><span style=\"color: #000000; font-family: arial, helvetica, sans-serif; font-size: 14pt;\"><strong>Adapt\u00e9r nie je vhodn\u00fd na nab\u00edjanie akumul\u00e1torov.<\/strong><\/span><\/p>\n<p><span style=\"color: #000000; font-family: arial, helvetica, sans-serif; font-size: 14pt;\">Rozmery: 110x70x45 mm<\/span><\/p>\n<p><span style=\"color: #000000; font-family: arial, helvetica, sans-serif; font-size: 14pt;\">Hmotnos\u0165: 100 g<\/span><\/p>\n<p><span style=\"font-family: arial, helvetica, sans-serif; font-size: 10pt; color: #000000;\"><span style=\"font-size: 12pt;\">* Akku-Pack ProCORE 18 V <\/span><span style=\"font-size: 12pt;\">4.0 Ah AS 9 26 04 341 02 0, Akku-Pack ProCORE 18 V 8.0 Ah AS 9 26 04 342 02 0,\u00a0 Akku-Pack ProCORE 18 V 12.0 Ah AS 9 26 04 343 02 0, Akku-Pack GBA 18 V 4.0 Ah AS \u00a09 26 04 345 02 0<\/span><\/span><\/p>\n","protected":false},"excerpt":{"rendered":"<p><span style=\"color: #000000; font-size: 14pt;\"><span style=\"font-family: arial, helvetica, sans-serif;\">Aku Adapt\u00e9r FEIN AMPShare \/ BOSCH PowerForAll umo\u017e\u0148uje pou\u017eitie 18V akumul\u00e1torov FEIN AMPShare <\/span><span style=\"font-family: arial, helvetica, sans-serif;\">v 18V z\u00e1hradnom a hobby (zelenom) n\u00e1rad\u00ed BOSCH a n\u00e1rad\u00ed syst\u00e9mu POWER FOR ALL 18V<\/span><\/span><\/p>\n<p>&nbsp;<\/p>\n","protected":false},"featured_media":41142,"template":"","meta":[],"product_cat":[15],"product_tag":[151,62,209,133,91,132,196,207,206,164,195,135,197],"class_list":["post-41140","product","type-product","status-publish","has-post-thumbnail","hentry","product_cat-prislusenstvo-pre-aku-naradie","product_tag-al-ko","product_tag-bosch","product_tag-fein","product_tag-flymo","product_tag-gardena","product_tag-gloria","product_tag-husqvarna","product_tag-ledvance","product_tag-m-cube","product_tag-perfectpro","product_tag-power-for-all-18v","product_tag-rapid","product_tag-steinel"],"_links":{"self":[{"href":"https:\/\/www.akuadapter.eu\/de\/wp-json\/wp\/v2\/product\/41140","targetHints":{"allow":["GET"]}}],"collection":[{"href":"https:\/\/www.akuadapter.eu\/de\/wp-json\/wp\/v2\/product"}],"about":[{"href":"https:\/\/www.akuadapter.eu\/de\/wp-json\/wp\/v2\/types\/product"}],"wp:featuredmedia":[{"embeddable":true,"href":"https:\/\/www.akuadapter.eu\/de\/wp-json\/wp\/v2\/media\/41142"}],"wp:attachment":[{"href":"https:\/\/www.akuadapter.eu\/de\/wp-json\/wp\/v2\/media?parent=41140"}],"wp:term":[{"taxonomy":"product_cat","embeddable":true,"href":"https:\/\/www.akuadapter.eu\/de\/wp-json\/wp\/v2\/product_cat?post=41140"},{"taxonomy":"product_tag","embeddable":true,"href":"https:\/\/www.akuadapter.eu\/de\/wp-json\/wp\/v2\/product_tag?post=41140"}],"curies":[{"name":"wp","href":"https:\/\/api.w.org\/{rel}","templated":true}]}}