{"id":41341,"date":"2025-01-11T18:51:46","date_gmt":"2025-09-03T08:12:46","guid":{"rendered":"https:\/\/www.akuadapter.eu\/?post_type=product&#038;p=41341"},"modified":"2025-12-17T11:55:07","modified_gmt":"2025-12-17T10:55:07","slug":"akku-adapter-dewalt-bosch-heim-und-garten","status":"publish","type":"product","link":"https:\/\/www.akuadapter.eu\/de\/produkt\/akku-adapter-dewalt-bosch-heim-und-garten\/","title":{"rendered":"Akku Adapter DeWALT \/ BOSCH Heim und Garten"},"content":{"rendered":"<p><span style=\"font-size: 14pt; color: #000000;\"><span style=\"font-family: arial, helvetica, sans-serif;\">AkkuAdapter DM18BSh erweitert die Einsatzm\u00f6glichkeiten von Akkus DeWALT\u00a0<span style=\"font-family: arial, helvetica, sans-serif;\">* (und MILWAUKEE M18**) um die Verwendung <\/span><\/span><span style=\"font-family: arial, helvetica, sans-serif;\">in Ger\u00e4ten BOSCH Heim und Garten (gr\u00fcn,Hobby) Ger\u00e4te, <\/span><span style=\"font-family: arial, helvetica, sans-serif;\">\u00a0in Ger\u00e4ten des Systems POWER FOR ALL 18V (GARDENA, GLORIA, FLYMO, HUSQUARNA &#8230;),<\/span><span style=\"font-family: arial, helvetica, sans-serif;\">\u00a0in AL-KO 18V Bosch Home and Garden Compatible Ger\u00e4te<\/span><\/span><\/p>\n<p><span style=\"font-size: 14pt; color: #000000; font-family: arial, helvetica, sans-serif;\"><strong>Adapter ist nicht geeignet zum Laden von Akkus\u00a0<\/strong><\/span><\/p>\n<p><span style=\"font-size: 14pt; color: #000000; font-family: arial, helvetica, sans-serif;\">Adapter<strong> ist nicht geeignet <\/strong>f\u00fcr Ger\u00e4te <strong>BOSCH Unlimited Series 6,7,8<\/strong><\/span><\/p>\n<p><span style=\"font-size: 14pt; color: #000000; font-family: arial, helvetica, sans-serif;\">Adapter<strong> ist nicht geeignet <\/strong>f\u00fcr <strong>WAGNER <strong style=\"letter-spacing: -1px;\">Universal Sprayer W 600 FLEXiO 18V,\u00a0 <\/strong><\/strong><\/span><strong><span style=\"font-family: arial, helvetica, sans-serif; font-size: 14pt; color: #000000;\">Wood&amp;Metal Sprayer W 250 18V<\/span><\/strong><\/p>\n<p><span style=\"font-size: 14pt; color: #000000; font-family: arial, helvetica, sans-serif;\">Abmessungen: 110x70x45\u00a0mm<\/span><\/p>\n<p><span style=\"font-size: 14pt; color: #000000; font-family: arial, helvetica, sans-serif;\">Gewicht: 110 g<\/span><\/p>\n<p><span style=\"color: #000000; font-family: arial, helvetica, sans-serif; font-size: 12pt;\">*\u00a0 <span style=\"font-family: arial, helvetica, sans-serif;\"><span style=\"color: #000000; font-size: 14pt;\">* <\/span><span style=\"font-size: 12pt;\">DCB182 DCB183 DCB183B DCB183G DCB184 DCB184B DCB184G DCB546 DCB547 DCB548 DCB549 DCBP034 DCBP034G DCBP318 DCBP518 DCBP518G DCB1880<span style=\"color: #000000;\">\u00a0<\/span><\/span><\/span><\/span><\/p>\n<p><span style=\"color: #000000; font-size: 12pt; font-family: arial, helvetica, sans-serif;\">**M18B2 M18B4 M18B5 M18B6 M18B9 M18B12 M18HB3 M18HB5.5 M18HB8<\/span><\/p>\n<p><span style=\"color: #000000; font-family: arial, helvetica, sans-serif; font-size: 10pt;\">\u00a0<\/span><\/p>\n","protected":false},"excerpt":{"rendered":"<p><span style=\"color: #000000; font-family: arial, helvetica, sans-serif; font-size: 14pt;\">Akku Adapter DeWALT \/ BOSCH Heim und Garten erm\u00f6glicht die Verwendung von 18V-20V DeWALT Akkus in\u00a0\u00a0<\/span><\/p>\n<p><span style=\"font-family: arial, helvetica, sans-serif; font-size: 14pt; color: #000000;\">&#8211; BOSCH Heim und Garten (Hobby, gr\u00fcn) Ger\u00e4te<\/span><\/p>\n<p><span style=\"font-family: arial, helvetica, sans-serif; font-size: 14pt; color: #000000;\">&#8211; Ger\u00e4ten des Systems POWER FOR ALL 18V (GARDENA, GLORIA, FLYMO, HUSQUARNA &#8230;)<\/span><\/p>\n<p><span style=\"font-family: arial, helvetica, sans-serif; font-size: 14pt; color: #000000;\">&#8211;\u00a0 AL-KO 18V Bosch Home and Garden Compatible Ger\u00e4te<\/span><\/p>\n","protected":false},"featured_media":41342,"template":"","meta":[],"product_cat":[222],"product_tag":[226,228,240,229,230,231,232,233,234,260,236],"class_list":["post-41341","product","type-product","status-publish","has-post-thumbnail","hentry","product_cat-prislusenstvo-pre-aku-naradie-de","product_tag-al-ko-de","product_tag-bosch-de","product_tag-dewalt-de","product_tag-flymo-de","product_tag-gardena-de","product_tag-gloria-de","product_tag-husqvarna-de","product_tag-kubler-workwear-de","product_tag-perfectpro-de","product_tag-power-for-all-de","product_tag-rapid-de"],"_links":{"self":[{"href":"https:\/\/www.akuadapter.eu\/de\/wp-json\/wp\/v2\/product\/41341","targetHints":{"allow":["GET"]}}],"collection":[{"href":"https:\/\/www.akuadapter.eu\/de\/wp-json\/wp\/v2\/product"}],"about":[{"href":"https:\/\/www.akuadapter.eu\/de\/wp-json\/wp\/v2\/types\/product"}],"wp:featuredmedia":[{"embeddable":true,"href":"https:\/\/www.akuadapter.eu\/de\/wp-json\/wp\/v2\/media\/41342"}],"wp:attachment":[{"href":"https:\/\/www.akuadapter.eu\/de\/wp-json\/wp\/v2\/media?parent=41341"}],"wp:term":[{"taxonomy":"product_cat","embeddable":true,"href":"https:\/\/www.akuadapter.eu\/de\/wp-json\/wp\/v2\/product_cat?post=41341"},{"taxonomy":"product_tag","embeddable":true,"href":"https:\/\/www.akuadapter.eu\/de\/wp-json\/wp\/v2\/product_tag?post=41341"}],"curies":[{"name":"wp","href":"https:\/\/api.w.org\/{rel}","templated":true}]}}