{"id":41921,"date":"2024-05-22T19:12:15","date_gmt":"2025-09-04T14:25:28","guid":{"rendered":"https:\/\/www.akuadapter.eu\/?post_type=product&#038;p=41921"},"modified":"2025-09-08T15:17:37","modified_gmt":"2025-09-08T13:17:37","slug":"akku-adapter-wuerth-m-cube-al-ko-18v","status":"publish","type":"product","link":"https:\/\/www.akuadapter.eu\/de\/produkt\/akku-adapter-wuerth-m-cube-al-ko-18v\/","title":{"rendered":"Akku Adapter W\u00dcRTH M-CUBE \/ AL-KO 18V"},"content":{"rendered":"<p><span style=\"color: #000000; font-family: arial, helvetica, sans-serif; font-size: 14pt;\">AkkuAdapter W\u00dcRTH M-CUBE \/ AL-KO 18V (GreyBlackAdapter) <\/span><span style=\"font-size: 14.0pt; font-family: 'Arial',sans-serif; color: black;\">erweitert die Einsatzm\u00f6glichkeiten von 18V <span style=\"color: #000000; font-family: arial, helvetica, sans-serif; font-size: 14pt;\">W\u00dcRTH M-CUBE<\/span>\u00a0Akkus* um die Verwendung in <span style=\"color: #000000; font-family: arial, helvetica, sans-serif; font-size: 14pt;\">AL-KO 18V Bosch Home &amp; Garden Compatible<\/span>\u00a0Akkuger\u00e4ten<\/span><\/p>\n<p><strong><span style=\"font-size: 14.0pt; font-family: 'Arial',sans-serif; color: black;\">Adapter ist nicht geeignet zum Laden von Akkus\u00a0<\/span><\/strong><\/p>\n<p><span style=\"font-size: 14.0pt; font-family: 'Arial',sans-serif; color: black;\">Abmessungen: <span style=\"color: #000000; font-family: arial, helvetica, sans-serif; font-size: 14pt;\">110x70x45 <\/span>mm<\/span><\/p>\n<p><span style=\"font-size: 14.0pt; font-family: 'Arial',sans-serif; color: black;\">Gewicht: 120 g<\/span><\/p>\n<p><span style=\"font-family: arial, helvetica, sans-serif; font-size: 12pt; color: #000000;\"><strong>*<\/strong> 18V\/2,0AH M-CUBE BASIC MASTER (5703420000), 18V\/4,0AH M-CUBE BASIC MASTER (5704180000), 18V\/5,0AH M-CUBE BASICMASTER <span style=\"font-family: arial, helvetica, sans-serif;\">(5703450000)\u00a0 <\/span><\/span><\/p>\n","protected":false},"excerpt":{"rendered":"<p><span style=\"font-family: arial, helvetica, sans-serif; font-size: 14pt; color: #000000;\">Akku Adapter W\u00dcRTH M-CUBE \/ AL-KO 18V erm\u00f6glicht die Verwendung von 18V W\u00dcRTH M-CUBE Akkus in 18V AL-KO 18V (AL-KO 18V Bosch Home and Garden Compatible) Ger\u00e4ten<\/span><\/p>\n","protected":false},"featured_media":41943,"template":"","meta":[],"product_cat":[222],"product_tag":[226,228,235,256],"class_list":["post-41921","product","type-product","status-publish","has-post-thumbnail","hentry","product_cat-prislusenstvo-pre-aku-naradie-de","product_tag-al-ko-de","product_tag-bosch-de","product_tag-power-for-all-18v-de","product_tag-wurth-de"],"_links":{"self":[{"href":"https:\/\/www.akuadapter.eu\/de\/wp-json\/wp\/v2\/product\/41921","targetHints":{"allow":["GET"]}}],"collection":[{"href":"https:\/\/www.akuadapter.eu\/de\/wp-json\/wp\/v2\/product"}],"about":[{"href":"https:\/\/www.akuadapter.eu\/de\/wp-json\/wp\/v2\/types\/product"}],"wp:featuredmedia":[{"embeddable":true,"href":"https:\/\/www.akuadapter.eu\/de\/wp-json\/wp\/v2\/media\/41943"}],"wp:attachment":[{"href":"https:\/\/www.akuadapter.eu\/de\/wp-json\/wp\/v2\/media?parent=41921"}],"wp:term":[{"taxonomy":"product_cat","embeddable":true,"href":"https:\/\/www.akuadapter.eu\/de\/wp-json\/wp\/v2\/product_cat?post=41921"},{"taxonomy":"product_tag","embeddable":true,"href":"https:\/\/www.akuadapter.eu\/de\/wp-json\/wp\/v2\/product_tag?post=41921"}],"curies":[{"name":"wp","href":"https:\/\/api.w.org\/{rel}","templated":true}]}}