{"id":42403,"date":"2024-02-23T08:27:22","date_gmt":"2024-02-23T07:27:22","guid":{"rendered":"https:\/\/www.akuadapter.eu\/produkt\/aku-adapter-bosch-profi-bosch-hobby\/"},"modified":"2025-11-13T10:58:42","modified_gmt":"2025-11-13T09:58:42","slug":"aku-adapter-bosch-profi-bosch-hobby","status":"publish","type":"product","link":"https:\/\/www.akuadapter.eu\/de\/produkt\/aku-adapter-bosch-profi-bosch-hobby\/","title":{"rendered":"Akku Adapter BOSCH Professional \/ BOSCH Heim und Garten"},"content":{"rendered":"<p><span style=\"font-family: arial, helvetica, sans-serif; font-size: 14pt; color: #000000;\">AkkuAdapter BS18BSh (GreenBlueAdapter) erweitert die Einsatzm\u00f6glichkeiten von 18V Akkus BOSCH Professional* und AMPShare\u00a0Akkus um die Verwendung in Akkuger\u00e4ten BOSCH POWER FOR ALL 18 (FLYMO, GARDENA, GLORIA, HUSQVARNA, LEDVANCE, PERFECTPRO, RAPID \u2026) und in AL-KO 18V Bosch Home &amp; Garden Compatible<\/span><\/p>\n<p><span style=\"font-family: arial, helvetica, sans-serif; font-size: 14pt; color: #000000;\"><strong>Adapter ist nicht geeignet zum Laden von Akkus\u00a0<\/strong><\/span><\/p>\n<p><span style=\"font-family: arial, helvetica, sans-serif; font-size: 14pt; color: #000000;\">Adapter<strong> ist nicht geeignet <\/strong>f\u00fcr Ger\u00e4te\u00a0BOSCH Unlimited Series 6,7,8 und WAGNER W 600FLEXIO 18V<\/span><\/p>\n<p><span style=\"font-family: arial, helvetica, sans-serif; font-size: 14pt; color: #000000;\">Abmessungen:\u00a0110x70x40\u00a0mm<\/span><\/p>\n<p><span style=\"font-family: arial, helvetica, sans-serif; font-size: 14pt; color: #000000;\">Gewicht:\u00a0\u00a0110 g<\/span><\/p>\n<p><span style=\"font-size: 12pt; font-family: arial, helvetica, sans-serif; color: #000000;\">*GBA18V2.0 1600Z00036 GBA18V3.0 1600Z00037 GBA18V4.0 1600Z00038\u00a0 \u00a0GBA18V5.0 1600A002U5 GBA18V6.0\u00a01600A004ZN 2607337264 ProCORE18V4.0Ah 2607336236\u00a01600A016GB ProCORE18V8.0Ah 1600A016GK ProCORE18V12.0Ah\u00a01600A016GU EXBA18V-40 1600A036YW\u00a0 EXBA18V-55 1600A036Z6\u00a0 EXBA18V-80 1600A036ZB\u00a0 EXBA18V-150 1600A036ZM<\/span><\/p>\n","protected":false},"excerpt":{"rendered":"<p><span style=\"color: #000000; font-family: arial, helvetica, sans-serif; font-size: 14pt;\">Akku Adapter BOSCH Professional \/ BOSCH Heim und Garten erm\u00f6glicht die Verwendung von 18V Akkus BOSCH Professional in 18V BOSCH Heim und Garten (gr\u00fcn) Ger\u00e4ten<\/span><\/p>\n","protected":false},"featured_media":40468,"template":"","meta":[],"product_cat":[222],"product_tag":[226,227,228,229,230,231,232,233,234,235,236],"class_list":["post-42403","product","type-product","status-publish","has-post-thumbnail","hentry","product_cat-prislusenstvo-pre-aku-naradie-de","product_tag-al-ko-de","product_tag-ampshare-de","product_tag-bosch-de","product_tag-flymo-de","product_tag-gardena-de","product_tag-gloria-de","product_tag-husqvarna-de","product_tag-kubler-workwear-de","product_tag-perfectpro-de","product_tag-power-for-all-18v-de","product_tag-rapid-de"],"_links":{"self":[{"href":"https:\/\/www.akuadapter.eu\/de\/wp-json\/wp\/v2\/product\/42403","targetHints":{"allow":["GET"]}}],"collection":[{"href":"https:\/\/www.akuadapter.eu\/de\/wp-json\/wp\/v2\/product"}],"about":[{"href":"https:\/\/www.akuadapter.eu\/de\/wp-json\/wp\/v2\/types\/product"}],"wp:featuredmedia":[{"embeddable":true,"href":"https:\/\/www.akuadapter.eu\/de\/wp-json\/wp\/v2\/media\/40468"}],"wp:attachment":[{"href":"https:\/\/www.akuadapter.eu\/de\/wp-json\/wp\/v2\/media?parent=42403"}],"wp:term":[{"taxonomy":"product_cat","embeddable":true,"href":"https:\/\/www.akuadapter.eu\/de\/wp-json\/wp\/v2\/product_cat?post=42403"},{"taxonomy":"product_tag","embeddable":true,"href":"https:\/\/www.akuadapter.eu\/de\/wp-json\/wp\/v2\/product_tag?post=42403"}],"curies":[{"name":"wp","href":"https:\/\/api.w.org\/{rel}","templated":true}]}}