{"id":42604,"date":"2023-09-22T09:14:52","date_gmt":"2023-09-22T07:14:52","guid":{"rendered":"https:\/\/www.akuadapter.eu\/produkt\/aku-adapter-hikoki-bosch-hobby\/"},"modified":"2025-11-13T11:08:54","modified_gmt":"2025-11-13T10:08:54","slug":"akku-adapter-hikoki-bosch-hobby","status":"publish","type":"product","link":"https:\/\/www.akuadapter.eu\/de\/produkt\/akku-adapter-hikoki-bosch-hobby\/","title":{"rendered":"Akku Adapter HIKOKI \/ BOSCH Heim und Garten"},"content":{"rendered":"<p><span style=\"font-size: 14pt; color: #000000; font-family: arial, helvetica, sans-serif;\">AkkuAdapter HK18BSh erweitert die Einsatzm\u00f6glichkeiten von 18V Akkus HIKOKI (HITACHI)* in Akkuger\u00e4ten BOSCH POWER FOR ALL 18 (FLYMO, GARDENA, GLORIA, HUSQVARNA, LEDVANCE, PERFECTPRO, RAPID, WAGNER) und in AL-KO 18V Bosch Home &amp; Garden Compatible<\/span><\/p>\n<p><span style=\"font-size: 14pt; font-family: arial, helvetica, sans-serif;\"><strong>Adapter ist nicht geeignet zum Laden von Akkus\u00a0<\/strong><\/span><\/p>\n<p><span style=\"font-size: 14pt; font-family: arial, helvetica, sans-serif;\">Abmessungen:\u00a0110x70x40\u00a0mm<\/span><\/p>\n<p><span style=\"font-size: 14pt; font-family: arial, helvetica, sans-serif;\">Gewicht:\u00a0\u00a0100 g<\/span><\/p>\n<p><span style=\"color: #000000; font-family: arial, helvetica, sans-serif; font-size: 12pt;\">*BSL1815, BSL1820, BSL1825, BSL1830, BSL1830C, BSL1840, BSL1850, BSL1860<\/span><\/p>\n","protected":false},"excerpt":{"rendered":"<p><span style=\"color: #000000; font-family: arial, helvetica, sans-serif; font-size: 14pt;\">Akku Adapter HIKOKI \/ BOSCH Heim und Garten erm\u00f6glicht die Verwendung von 18V Akkus HIKOKI und HITACHI in 18V BOSCH Heim und Garten (gr\u00fcn) Ger\u00e4ten<\/span><\/p>\n","protected":false},"featured_media":41437,"template":"","meta":[],"product_cat":[222],"product_tag":[226,228,229,230,231,239,241,232,233,234,260,236,237],"class_list":["post-42604","product","type-product","status-publish","has-post-thumbnail","hentry","product_cat-prislusenstvo-pre-aku-naradie-de","product_tag-al-ko-de","product_tag-bosch-de","product_tag-flymo-de","product_tag-gardena-de","product_tag-gloria-de","product_tag-hikoki-de","product_tag-hitachi-de","product_tag-husqvarna-de","product_tag-kubler-workwear-de","product_tag-perfectpro-de","product_tag-power-for-all-de","product_tag-rapid-de","product_tag-wagner-de"],"_links":{"self":[{"href":"https:\/\/www.akuadapter.eu\/de\/wp-json\/wp\/v2\/product\/42604","targetHints":{"allow":["GET"]}}],"collection":[{"href":"https:\/\/www.akuadapter.eu\/de\/wp-json\/wp\/v2\/product"}],"about":[{"href":"https:\/\/www.akuadapter.eu\/de\/wp-json\/wp\/v2\/types\/product"}],"wp:featuredmedia":[{"embeddable":true,"href":"https:\/\/www.akuadapter.eu\/de\/wp-json\/wp\/v2\/media\/41437"}],"wp:attachment":[{"href":"https:\/\/www.akuadapter.eu\/de\/wp-json\/wp\/v2\/media?parent=42604"}],"wp:term":[{"taxonomy":"product_cat","embeddable":true,"href":"https:\/\/www.akuadapter.eu\/de\/wp-json\/wp\/v2\/product_cat?post=42604"},{"taxonomy":"product_tag","embeddable":true,"href":"https:\/\/www.akuadapter.eu\/de\/wp-json\/wp\/v2\/product_tag?post=42604"}],"curies":[{"name":"wp","href":"https:\/\/api.w.org\/{rel}","templated":true}]}}