{"id":42607,"date":"2024-07-27T13:40:12","date_gmt":"2024-07-27T11:40:12","guid":{"rendered":"https:\/\/www.akuadapter.eu\/produkt\/aku-adapter-milwaukee-bosch-hobby-dm18bsh\/"},"modified":"2025-11-15T16:58:09","modified_gmt":"2025-11-15T15:58:09","slug":"akku-adapter-milwaukee-bosch-hobby-dm18bsh","status":"publish","type":"product","link":"https:\/\/www.akuadapter.eu\/de\/produkt\/akku-adapter-milwaukee-bosch-hobby-dm18bsh\/","title":{"rendered":"Akku Adapter MILWAUKEE \/ BOSCH Heim und Garten"},"content":{"rendered":"<p><span style=\"font-size: 14pt; color: #000000;\"><span style=\"font-family: arial, helvetica, sans-serif;\">AkkuAdapter DM18BSh erweitert die Einsatzm\u00f6glichkeiten von 18V Akkus MILWAUKEE* und DeWALT** um die Verwendung in Akkuger\u00e4ten BOSCH POWER FOR ALL 18 (FLYMO, GARDENA, GLORIA, HUSQVARNA, LEDVANCE, PERFECTPRO, RAPID \u2026) und in AL-KO 18V Bosch Home &amp; Garden Compatible<\/span><\/span><\/p>\n<p><span style=\"font-family: arial, helvetica, sans-serif; font-size: 14pt; color: #000000;\"><strong>Adapter ist nicht geeignet zum Laden von Akkus\u00a0<\/strong><\/span><\/p>\n<p><span style=\"font-family: arial, helvetica, sans-serif; font-size: 14pt; color: #000000;\">Adapter<strong>\u00a0ist nicht geeignet\u00a0<\/strong>f\u00fcr Ger\u00e4te\u00a0BOSCH Unlimited Series 6,7,8 und WAGNER W 600FLEXIO 18V<\/span><\/p>\n<p><span style=\"font-family: arial, helvetica, sans-serif; font-size: 14pt; color: #000000;\">Abmessungen:\u00a0110x70x40\u00a0mm<\/span><\/p>\n<p><span style=\"font-family: arial, helvetica, sans-serif; font-size: 14pt; color: #000000;\">Gewicht:\u00a0\u00a0110 g<\/span><\/p>\n<p><span style=\"font-family: arial, helvetica, sans-serif; font-size: 12pt; color: #000000;\">*\u00a0 M18B2 M18B4 M18B5 M18B6 M18B9 M18B12 M18HB3 M18HB5.5 M18HB8 M18FB6 M18FB8 M18FB12 4932430062 4932430063 4932430483 4932451244 4932451245 4932464260\u00a0 4932471069 4932464712 4932471070 4932492553 4932492131 4932492651<\/span><\/p>\n<p><span style=\"color: #000000; font-family: arial, helvetica, sans-serif; font-size: 12pt;\">** DCB182 DCB183 DCB184 DCB183B DCB184B DCB546 DCB5470&#8230;<\/span><\/p>\n<p><span style=\"color: #000000; font-family: arial, helvetica, sans-serif; font-size: 10pt;\">\u00a0<\/span><\/p>\n","protected":false},"excerpt":{"rendered":"<p><span style=\"color: #000000; font-family: arial, helvetica, sans-serif; font-size: 14pt;\">Akku Adapter MILWAUKEE \/ BOSCH Heim und Garten erm\u00f6glicht die Verwendung von 18V Akkus MILWAUKEE in 18V BOSCH Heim und Garten (gr\u00fcn) Ger\u00e4ten\u00a0<\/span><\/p>\n","protected":false},"featured_media":41342,"template":"","meta":[],"product_cat":[222],"product_tag":[226,228,240,229,230,231,232,233,242,234,260,236],"class_list":["post-42607","product","type-product","status-publish","has-post-thumbnail","hentry","product_cat-prislusenstvo-pre-aku-naradie-de","product_tag-al-ko-de","product_tag-bosch-de","product_tag-dewalt-de","product_tag-flymo-de","product_tag-gardena-de","product_tag-gloria-de","product_tag-husqvarna-de","product_tag-kubler-workwear-de","product_tag-milwaukee-de","product_tag-perfectpro-de","product_tag-power-for-all-de","product_tag-rapid-de"],"_links":{"self":[{"href":"https:\/\/www.akuadapter.eu\/de\/wp-json\/wp\/v2\/product\/42607","targetHints":{"allow":["GET"]}}],"collection":[{"href":"https:\/\/www.akuadapter.eu\/de\/wp-json\/wp\/v2\/product"}],"about":[{"href":"https:\/\/www.akuadapter.eu\/de\/wp-json\/wp\/v2\/types\/product"}],"wp:featuredmedia":[{"embeddable":true,"href":"https:\/\/www.akuadapter.eu\/de\/wp-json\/wp\/v2\/media\/41342"}],"wp:attachment":[{"href":"https:\/\/www.akuadapter.eu\/de\/wp-json\/wp\/v2\/media?parent=42607"}],"wp:term":[{"taxonomy":"product_cat","embeddable":true,"href":"https:\/\/www.akuadapter.eu\/de\/wp-json\/wp\/v2\/product_cat?post=42607"},{"taxonomy":"product_tag","embeddable":true,"href":"https:\/\/www.akuadapter.eu\/de\/wp-json\/wp\/v2\/product_tag?post=42607"}],"curies":[{"name":"wp","href":"https:\/\/api.w.org\/{rel}","templated":true}]}}