{"id":43361,"date":"2026-04-03T19:10:50","date_gmt":"2026-04-03T17:10:50","guid":{"rendered":"https:\/\/www.akuadapter.eu\/?post_type=product&#038;p=43361"},"modified":"2026-04-03T19:34:11","modified_gmt":"2026-04-03T17:34:11","slug":"akku-adapter-dewalt-bosch-heim-und-garten-w","status":"publish","type":"product","link":"https:\/\/www.akuadapter.eu\/de\/produkt\/akku-adapter-dewalt-bosch-heim-und-garten-w\/","title":{"rendered":"Akku Adapter DeWALT \/ BOSCH Heim und Garten W"},"content":{"rendered":"<p><span style=\"font-size: 14pt; color: #000000;\"><span style=\"font-family: arial, helvetica, sans-serif;\">AkkuAdapter DW18BSh erweitert die Einsatzm\u00f6glichkeiten von Akkus DeWALT <span style=\"font-family: arial, helvetica, sans-serif;\">* um die Verwendung <\/span><\/span><span style=\"font-family: arial, helvetica, sans-serif;\">in Ger\u00e4ten BOSCH Heim und Garten (gr\u00fcn,Hobby) Ger\u00e4te, <\/span><span style=\"font-family: arial, helvetica, sans-serif;\">\u00a0in Ger\u00e4ten des Systems POWER FOR ALL 18V (GARDENA, GLORIA, FLYMO, HUSQUARNA, WAGNER)<\/span><span style=\"font-family: arial, helvetica, sans-serif;\">\u00a0in AL-KO 18V Bosch Home and Garden Compatible Ger\u00e4te<\/span><\/span><\/p>\n<p><span style=\"font-size: 14pt; color: #000000; font-family: arial, helvetica, sans-serif;\"><strong>Adapter ist nicht geeignet zum Laden von Akkus\u00a0<\/strong><\/span><\/p>\n<p><span style=\"font-size: 14pt; color: #000000; font-family: arial, helvetica, sans-serif;\">Adapter<strong> ist nicht geeignet <\/strong>f\u00fcr Ger\u00e4te <strong>BOSCH Unlimited Series 6,7,8<\/strong><\/span><\/p>\n<p><span style=\"font-size: 14pt; color: #000000; font-family: arial, helvetica, sans-serif;\">Abmessungen: 110x70x45\u00a0mm<\/span><\/p>\n<p><span style=\"font-size: 14pt; color: #000000; font-family: arial, helvetica, sans-serif;\">Gewicht: 110 g<\/span><\/p>\n<p><span style=\"color: #000000; font-family: arial, helvetica, sans-serif; font-size: 12pt;\"><span style=\"font-family: arial, helvetica, sans-serif;\"><span style=\"color: #000000; font-size: 14pt;\">* <\/span><span style=\"font-size: 12pt;\">DCB182 DCB183 DCB183B DCB183G DCB184 DCB184B DCB184G DCB546 DCB547 DCB548 DCB549 DCBP034 DCBP034G DCBP318 DCBP518 DCBP518G DCB1880<span style=\"color: #000000;\">\u00a0<\/span><\/span><\/span><\/span><\/p>\n<p>&nbsp;<\/p>\n","protected":false},"excerpt":{"rendered":"<p><span style=\"color: #000000; font-family: arial, helvetica, sans-serif; font-size: 14pt;\">Akku Adapter DeWALT \/ BOSCH Heim und Garten erm\u00f6glicht die Verwendung von 18V DeWALT Akkus in\u00a0\u00a0<\/span><\/p>\n<p><span style=\"font-family: arial, helvetica, sans-serif; font-size: 14pt; color: #000000;\">&#8211; BOSCH Heim und Garten (Hobby, gr\u00fcn) Ger\u00e4te<\/span><\/p>\n<p><span style=\"font-family: arial, helvetica, sans-serif; font-size: 14pt; color: #000000;\">&#8211; Ger\u00e4ten des Systems POWER FOR ALL 18V (GARDENA, GLORIA, FLYMO, HUSQUARNA, WAGNER)<\/span><\/p>\n<p><span style=\"font-family: arial, helvetica, sans-serif; font-size: 14pt; color: #000000;\">&#8211;\u00a0 AL-KO 18V Bosch Home and Garden Compatible Ger\u00e4te<\/span><\/p>\n","protected":false},"featured_media":43365,"template":"","meta":[],"product_cat":[222],"product_tag":[226,228,240,229,230,231,232,233,234,260,236],"class_list":["post-43361","product","type-product","status-publish","has-post-thumbnail","hentry","product_cat-prislusenstvo-pre-aku-naradie-de","product_tag-al-ko-de","product_tag-bosch-de","product_tag-dewalt-de","product_tag-flymo-de","product_tag-gardena-de","product_tag-gloria-de","product_tag-husqvarna-de","product_tag-kubler-workwear-de","product_tag-perfectpro-de","product_tag-power-for-all-de","product_tag-rapid-de"],"_links":{"self":[{"href":"https:\/\/www.akuadapter.eu\/de\/wp-json\/wp\/v2\/product\/43361","targetHints":{"allow":["GET"]}}],"collection":[{"href":"https:\/\/www.akuadapter.eu\/de\/wp-json\/wp\/v2\/product"}],"about":[{"href":"https:\/\/www.akuadapter.eu\/de\/wp-json\/wp\/v2\/types\/product"}],"wp:featuredmedia":[{"embeddable":true,"href":"https:\/\/www.akuadapter.eu\/de\/wp-json\/wp\/v2\/media\/43365"}],"wp:attachment":[{"href":"https:\/\/www.akuadapter.eu\/de\/wp-json\/wp\/v2\/media?parent=43361"}],"wp:term":[{"taxonomy":"product_cat","embeddable":true,"href":"https:\/\/www.akuadapter.eu\/de\/wp-json\/wp\/v2\/product_cat?post=43361"},{"taxonomy":"product_tag","embeddable":true,"href":"https:\/\/www.akuadapter.eu\/de\/wp-json\/wp\/v2\/product_tag?post=43361"}],"curies":[{"name":"wp","href":"https:\/\/api.w.org\/{rel}","templated":true}]}}