{"id":43553,"date":"2026-04-23T11:12:24","date_gmt":"2026-04-23T09:12:25","guid":{"rendered":"https:\/\/www.akuadapter.eu\/?post_type=product&#038;p=43553"},"modified":"2026-04-23T17:14:41","modified_gmt":"2026-04-23T15:14:41","slug":"akku-adapter-bosch-18v-bosch-12v-kopia-2","status":"publish","type":"product","link":"https:\/\/www.akuadapter.eu\/de\/produkt\/akku-adapter-bosch-18v-bosch-12v-kopia-2\/","title":{"rendered":"Akku Adapter BOSCH Hobby 18V \/ BOSCH Professional 12V"},"content":{"rendered":"<p><span style=\"font-size: 14pt; font-family: verdana, geneva, sans-serif; color: black;\"><span style=\"color: #000000; font-size: 14pt;\">AkkuAdapter BSh18BS12 <\/span>erweitert die Einsatzm\u00f6glichkeiten von 18V <span style=\"color: #000000; font-size: 14pt;\">BOSCH Hobby (&#8222;gr\u00fcn&#8220;) <\/span>Akkus* (PowerForAll18V) um die Verwendung in 12V (10,8V) blau <span style=\"color: #000000; font-size: 14pt;\">BOSCH Professional<\/span>\u00a0Akkuger\u00e4te<\/span><\/p>\n<p><span style=\"font-family: verdana, geneva, sans-serif;\"><strong><span style=\"font-size: 14pt; color: black;\">Adapter ist nicht geeignet zum Laden von Akkus\u00a0<\/span><\/strong><\/span><\/p>\n<p><span style=\"font-size: 14pt; font-family: verdana, geneva, sans-serif; color: black;\">Abmessungen: <span style=\"color: #000000; font-size: 14pt;\">130x105x70<\/span>\u00a0mm<\/span><\/p>\n<p><span style=\"font-size: 14pt; font-family: verdana, geneva, sans-serif; color: black;\">Gewicht: 190 g<\/span><\/p>\n<p><span style=\"color: #000000; font-family: verdana, geneva, sans-serif; font-size: 12pt;\">* PBA18V2.5Ah 1600A005B0\u00a0 PBA18V4.0Ah 1600A011T8\u00a0 PBA18V6.0Ah<\/span><\/p>\n","protected":false},"excerpt":{"rendered":"<p><span style=\"font-size: 14pt; font-family: verdana, geneva, sans-serif;\"><span style=\"color: #000000;\">Akku Adapter BOSCH Hobby 18V \/ BOSCH Professional 12V erm\u00f6glicht die Verwendung von 18V BOSCH Hobby (&#8222;gr\u00fcn&#8220;) Akkus in 12V (10,8V) blau BOSCH Professional Ger\u00e4ten<\/span><span style=\"color: #000000;\">\u00a0<\/span><\/span><\/p>\n","protected":false},"featured_media":43572,"template":"","meta":[],"product_cat":[222],"product_tag":[228,235],"class_list":["post-43553","product","type-product","status-publish","has-post-thumbnail","hentry","product_cat-prislusenstvo-pre-aku-naradie-de","product_tag-bosch-de","product_tag-power-for-all-18v-de"],"_links":{"self":[{"href":"https:\/\/www.akuadapter.eu\/de\/wp-json\/wp\/v2\/product\/43553","targetHints":{"allow":["GET"]}}],"collection":[{"href":"https:\/\/www.akuadapter.eu\/de\/wp-json\/wp\/v2\/product"}],"about":[{"href":"https:\/\/www.akuadapter.eu\/de\/wp-json\/wp\/v2\/types\/product"}],"wp:featuredmedia":[{"embeddable":true,"href":"https:\/\/www.akuadapter.eu\/de\/wp-json\/wp\/v2\/media\/43572"}],"wp:attachment":[{"href":"https:\/\/www.akuadapter.eu\/de\/wp-json\/wp\/v2\/media?parent=43553"}],"wp:term":[{"taxonomy":"product_cat","embeddable":true,"href":"https:\/\/www.akuadapter.eu\/de\/wp-json\/wp\/v2\/product_cat?post=43553"},{"taxonomy":"product_tag","embeddable":true,"href":"https:\/\/www.akuadapter.eu\/de\/wp-json\/wp\/v2\/product_tag?post=43553"}],"curies":[{"name":"wp","href":"https:\/\/api.w.org\/{rel}","templated":true}]}}