{"id":19995,"date":"2024-05-24T20:37:16","date_gmt":"2024-05-24T18:37:16","guid":{"rendered":"https:\/\/www.akuadapter.eu\/?post_type=product&#038;p=19995"},"modified":"2025-02-13T09:36:35","modified_gmt":"2025-02-13T08:36:35","slug":"al-ko-csm1815-s-adapterom-pre-wurth-m-cube","status":"publish","type":"product","link":"https:\/\/www.akuadapter.eu\/en\/produkt\/al-ko-csm1815-s-adapterom-pre-wurth-m-cube\/","title":{"rendered":"AL-KO CSM1815 s adapt\u00e9rom pre W\u00dcRTH M-CUBE"},"content":{"rendered":"<p><span style=\"font-family: arial, helvetica, sans-serif; font-size: 12pt; color: #000000;\"><span style=\"color: #000000; font-family: arial, helvetica, sans-serif;\">Predv\u00e1dzac\u00ed set. Predv\u00e1dzacia p\u00edla s adapt\u00e9rom v origin\u00e1lnom, ale otvorenom balen\u00ed.\u00a0\u00a0<\/span><\/span><\/p>\n<p><span style=\"font-family: arial, helvetica, sans-serif; font-size: 12pt; color: #000000;\">AL-KO CSM1815 &#8211; \u0161ikovn\u00e1, akumul\u00e1torov\u00e1 re\u0165azov\u00e1 mini p\u00edla s pohodln\u00fdm mazan\u00edm re\u0165aze SDL\u00ae (Smart Dynamic Lubrication) , tich\u00e1, \u013eahk\u00e1, bez emisi\u00ed. D\u013a\u017eka li\u0161ty 15 cm, r\u00fdchlos\u0165 re\u0165aze 7 m\/s.<\/span><\/p>\n<p><span style=\"color: #000000; font-family: arial, helvetica, sans-serif; font-size: 12pt;\">AkuAdapt\u00e9r W\u00dcRTH M-CUBE \/ AL-KO 18V roz\u0161iruje mo\u017enosti pou\u017eitia 18V akumul\u00e1torov W\u00dcRTH M-CUBE* \u00a0o pou\u017eitie v re\u0165azovej p\u00edle AL-KO CSM1815\u00a0<\/span><\/p>\n<p><span style=\"color: #000000; font-family: arial, helvetica, sans-serif;\"><strong>Adapt\u00e9r nie je vhodn\u00fd na nab\u00edjanie akumul\u00e1torov.<\/strong><\/span><\/p>\n<p><span style=\"font-family: arial, helvetica, sans-serif; font-size: 10pt; color: #000000;\"><strong>*<\/strong> 18V\/2,0AH M-CUBE BASIC MASTER (5703420000), 18V\/4,0AH M-CUBE BASIC MASTER (5704180000), 18V\/5,0AH M-CUBE BASICMASTER <span style=\"font-family: arial, helvetica, sans-serif;\">(5703450000)\u00a0 <\/span><\/span><\/p>\n","protected":false},"excerpt":{"rendered":"<p><span style=\"color: #000000; font-family: arial, helvetica, sans-serif;\">AL-KO re\u0165azov\u00e1 mini p\u00edla CSM 1815 s adapt\u00e9rom pre 18V akumul\u00e1tory W\u00dcRTH M-CUBE.\u00a0 <span style=\"font-family: arial, helvetica, sans-serif; font-size: 12pt; color: #000000;\">Predv\u00e1dzac\u00ed set.\u00a0<\/span><\/span><\/p>\n","protected":false},"featured_media":20005,"template":"","meta":[],"product_cat":[15],"product_tag":[151,62,206,195,61],"class_list":["post-19995","product","type-product","status-publish","has-post-thumbnail","hentry","product_cat-prislusenstvo-pre-aku-naradie","product_tag-al-ko","product_tag-bosch","product_tag-m-cube","product_tag-power-for-all-18v","product_tag-wurth"],"_links":{"self":[{"href":"https:\/\/www.akuadapter.eu\/en\/wp-json\/wp\/v2\/product\/19995","targetHints":{"allow":["GET"]}}],"collection":[{"href":"https:\/\/www.akuadapter.eu\/en\/wp-json\/wp\/v2\/product"}],"about":[{"href":"https:\/\/www.akuadapter.eu\/en\/wp-json\/wp\/v2\/types\/product"}],"wp:featuredmedia":[{"embeddable":true,"href":"https:\/\/www.akuadapter.eu\/en\/wp-json\/wp\/v2\/media\/20005"}],"wp:attachment":[{"href":"https:\/\/www.akuadapter.eu\/en\/wp-json\/wp\/v2\/media?parent=19995"}],"wp:term":[{"taxonomy":"product_cat","embeddable":true,"href":"https:\/\/www.akuadapter.eu\/en\/wp-json\/wp\/v2\/product_cat?post=19995"},{"taxonomy":"product_tag","embeddable":true,"href":"https:\/\/www.akuadapter.eu\/en\/wp-json\/wp\/v2\/product_tag?post=19995"}],"curies":[{"name":"wp","href":"https:\/\/api.w.org\/{rel}","templated":true}]}}