{"id":40625,"date":"2025-07-17T09:56:22","date_gmt":"2025-07-17T07:56:22","guid":{"rendered":"https:\/\/www.akuadapter.eu\/?post_type=product&#038;p=40625"},"modified":"2025-07-17T10:16:36","modified_gmt":"2025-07-17T08:16:36","slug":"aku-adapter-metabo-wagner-woodmetal-sprayer-w-250-18v","status":"publish","type":"product","link":"https:\/\/www.akuadapter.eu\/en\/produkt\/aku-adapter-metabo-wagner-woodmetal-sprayer-w-250-18v\/","title":{"rendered":"Aku Adapter METABO \/ WAGNER Wood&#038;Metal Sprayer W 250 18V\u00a0"},"content":{"rendered":"<p><span style=\"color: #000000; font-family: arial, helvetica, sans-serif;\">AkuAdapt\u00e9r MTB18BSh W roz\u0161iruje mo\u017enosti pou\u017eitia akumul\u00e1torov METABO 18V <span style=\"font-size: 12pt;\"><span style=\"color: #000000; font-family: arial, helvetica, sans-serif;\">Li-Ion LiHD <span style=\"font-family: arial, helvetica, sans-serif;\"><span style=\"color: #000000;\">a akumul\u00e1torov akumul\u00e1torov\u00e9ho syst\u00e9mu CAS (Cordless Alliance System)<\/span><\/span><\/span><span style=\"font-family: arial, helvetica, sans-serif;\">*<\/span> <\/span>o pou\u017eitie v striekacej pi\u0161toli WAGNER Wood&amp;Metal Sprayer W 250 18V\u00a0 \u00a0 \u00a02457703<\/span><\/p>\n<p><span style=\"color: #000000; font-family: arial, helvetica, sans-serif;\"><strong>Adapt\u00e9r nie je vhodn\u00fd na nab\u00edjanie akumul\u00e1torov.<\/strong><\/span><\/p>\n<p><span style=\"color: #000000; font-family: arial, helvetica, sans-serif;\"><strong>Adapt\u00e9r nie je vhodn\u00fd pre vys\u00e1va\u010de BOSCH Unlimited Series 6,7,8<\/strong><\/span><\/p>\n<p><span style=\"color: #000000; font-family: arial, helvetica, sans-serif;\">Rozmery: 90x75x45 mm<\/span><\/p>\n<p><span style=\"color: #000000; font-family: arial, helvetica, sans-serif;\">Hmotnos\u0165:\u00a0 100 g<\/span><\/p>\n<p><span style=\"color: #000000; font-family: arial, helvetica, sans-serif; font-size: 10pt;\">*\u00a0 METABO Li-Ion LiHD a CAS (Cordless Alliance System) : 625367000 625368000 625369000 625549000 625026000 6250276000 625028000 624989000 624990000 624991000\u00a0<\/span><\/p>\n","protected":false},"excerpt":{"rendered":"<p><span style=\"color: #000000; font-family: arial, helvetica, sans-serif;\">Aku Adapt\u00e9r METABO \/ WAGNER PowerForAll18V umo\u017e\u0148uje pou\u017eitie 18V akumul\u00e1torov METABO (CAS) v striekacej pi\u0161toli WAGNER Wood&amp;Metal Sprayer W 250 18V\u00a0 \u00a0 \u00a02457703<\/span><\/p>\n","protected":false},"featured_media":20312,"template":"","meta":[],"product_cat":[15],"product_tag":[151,62,134,133,91,132,196,165,77,164,130,135,131],"class_list":["post-40625","product","type-product","status-publish","has-post-thumbnail","hentry","product_cat-prislusenstvo-pre-aku-naradie","product_tag-al-ko","product_tag-bosch","product_tag-bsh","product_tag-flymo","product_tag-gardena","product_tag-gloria","product_tag-husqvarna","product_tag-kubler-workwear","product_tag-metabo","product_tag-perfectpro","product_tag-power-for-all","product_tag-rapid","product_tag-wagner"],"_links":{"self":[{"href":"https:\/\/www.akuadapter.eu\/en\/wp-json\/wp\/v2\/product\/40625","targetHints":{"allow":["GET"]}}],"collection":[{"href":"https:\/\/www.akuadapter.eu\/en\/wp-json\/wp\/v2\/product"}],"about":[{"href":"https:\/\/www.akuadapter.eu\/en\/wp-json\/wp\/v2\/types\/product"}],"wp:featuredmedia":[{"embeddable":true,"href":"https:\/\/www.akuadapter.eu\/en\/wp-json\/wp\/v2\/media\/20312"}],"wp:attachment":[{"href":"https:\/\/www.akuadapter.eu\/en\/wp-json\/wp\/v2\/media?parent=40625"}],"wp:term":[{"taxonomy":"product_cat","embeddable":true,"href":"https:\/\/www.akuadapter.eu\/en\/wp-json\/wp\/v2\/product_cat?post=40625"},{"taxonomy":"product_tag","embeddable":true,"href":"https:\/\/www.akuadapter.eu\/en\/wp-json\/wp\/v2\/product_tag?post=40625"}],"curies":[{"name":"wp","href":"https:\/\/api.w.org\/{rel}","templated":true}]}}